{"id":11,"date":"2021-11-18T18:36:55","date_gmt":"2021-11-18T17:36:55","guid":{"rendered":"http:\/\/www.ff-treffelsdorf.at\/?page_id=11"},"modified":"2026-01-23T19:28:55","modified_gmt":"2026-01-23T18:28:55","slug":"ueber-uns","status":"publish","type":"page","link":"https:\/\/www.ff-treffelsdorf.at\/?page_id=11","title":{"rendered":"\u00dcber Uns"},"content":{"rendered":"\t\t<div data-elementor-type=\"wp-page\" data-elementor-id=\"11\" class=\"elementor elementor-11\">\n\t\t\t\t\t\t<section class=\"elementor-section elementor-top-section elementor-element elementor-element-13ff230 elementor-section-boxed elementor-section-height-default elementor-section-height-default\" data-id=\"13ff230\" data-element_type=\"section\">\n\t\t\t\t\t\t<div class=\"elementor-container elementor-column-gap-default\">\n\t\t\t\t\t<div class=\"elementor-column elementor-col-100 elementor-top-column elementor-element elementor-element-b3b71fe\" data-id=\"b3b71fe\" data-element_type=\"column\">\n\t\t\t<div class=\"elementor-widget-wrap elementor-element-populated\">\n\t\t\t\t\t\t<div class=\"elementor-element elementor-element-34c2751 elementor-widget elementor-widget-heading\" data-id=\"34c2751\" data-element_type=\"widget\" data-widget_type=\"heading.default\">\n\t\t\t\t<div class=\"elementor-widget-container\">\n\t\t\t\t\t<h2 class=\"elementor-heading-title elementor-size-default\">Die Freiwillige Feuerwehr Treffelsdorf<\/h2>\t\t\t\t<\/div>\n\t\t\t\t<\/div>\n\t\t\t\t\t<\/div>\n\t\t<\/div>\n\t\t\t\t\t<\/div>\n\t\t<\/section>\n\t\t\t\t<section class=\"elementor-section elementor-top-section elementor-element elementor-element-cda5909 elementor-section-boxed elementor-section-height-default elementor-section-height-default\" data-id=\"cda5909\" data-element_type=\"section\">\n\t\t\t\t\t\t<div class=\"elementor-container elementor-column-gap-default\">\n\t\t\t\t\t<div class=\"elementor-column elementor-col-100 elementor-top-column elementor-element elementor-element-630b153\" data-id=\"630b153\" data-element_type=\"column\">\n\t\t\t<div class=\"elementor-widget-wrap elementor-element-populated\">\n\t\t\t\t\t\t<div class=\"elementor-element elementor-element-1d6f3af elementor-widget elementor-widget-text-editor\" data-id=\"1d6f3af\" data-element_type=\"widget\" data-widget_type=\"text-editor.default\">\n\t\t\t\t<div class=\"elementor-widget-container\">\n\t\t\t\t\t\t\t\t\t<p style=\"text-align: center;\">Die Kammeradinnen und Kammeraden der Freiwilligen Feuerwehr Treffelsdorf sorgen seit 1927 f\u00fcr die Sicherheit der Bev\u00f6lkerung im Westen der Gemeinde Frauenstein. Die FF Treffelsdorf ist aber auch \u00fcber die Gemeindegrenzen hinweg f\u00fcr alle Menschen immer Einsatzbereit und jederzeit zur Stelle. Durch ein gro\u00dfes Spektrum an verschiedensten Ausr\u00fcstungen sind wir bestens ger\u00fcstet um Sie aus jeder Notlage zu befreien. Unsere Kammeradinnen und Kammeraden sind mit Herzblut bei der Arbeit und opfern gerne ihre Freizeit um Ihnen zu helfen.<\/p><p style=\"text-align: center;\">In den weiteren Kategorien k\u00f6nnen Sie sich einen \u00dcberblick \u00fcber die Mitglieder, Fahrzeuge, Ausr\u00fcstung und Geschichte unserer Wehr verschaffen.<\/p>\t\t\t\t\t\t\t\t<\/div>\n\t\t\t\t<\/div>\n\t\t\t\t\t<\/div>\n\t\t<\/div>\n\t\t\t\t\t<\/div>\n\t\t<\/section>\n\t\t\t\t<section class=\"elementor-section elementor-top-section elementor-element elementor-element-acb647f elementor-section-boxed elementor-section-height-default elementor-section-height-default\" data-id=\"acb647f\" data-element_type=\"section\" data-settings=\"{&quot;background_background&quot;:&quot;classic&quot;}\">\n\t\t\t\t\t\t<div class=\"elementor-container elementor-column-gap-default\">\n\t\t\t\t\t<div class=\"elementor-column elementor-col-14 elementor-top-column elementor-element elementor-element-2cd5b57\" data-id=\"2cd5b57\" data-element_type=\"column\">\n\t\t\t<div class=\"elementor-widget-wrap elementor-element-populated\">\n\t\t\t\t\t\t<div class=\"elementor-element elementor-element-f1450a6 elementor-widget elementor-widget-heading\" data-id=\"f1450a6\" data-element_type=\"widget\" data-widget_type=\"heading.default\">\n\t\t\t\t<div class=\"elementor-widget-container\">\n\t\t\t\t\t<h2 class=\"elementor-heading-title elementor-size-default\"><a href=\"https:\/\/www.ff-treffelsdorf.at\/?page_id=48\">Mitglieder<\/a><\/h2>\t\t\t\t<\/div>\n\t\t\t\t<\/div>\n\t\t\t\t\t<\/div>\n\t\t<\/div>\n\t\t\t\t<div class=\"elementor-column elementor-col-14 elementor-top-column elementor-element elementor-element-eb01b31\" data-id=\"eb01b31\" data-element_type=\"column\">\n\t\t\t<div class=\"elementor-widget-wrap elementor-element-populated\">\n\t\t\t\t\t\t<div class=\"elementor-element elementor-element-ddb1265 elementor-widget elementor-widget-image\" data-id=\"ddb1265\" data-element_type=\"widget\" data-widget_type=\"image.default\">\n\t\t\t\t<div class=\"elementor-widget-container\">\n\t\t\t\t\t\t\t\t\t\t\t\t\t\t\t<img decoding=\"async\" src=\"https:\/\/www.ff-treffelsdorf.at\/wp-content\/uploads\/elementor\/thumbs\/Flammen-logo-ausgeschnitten-2-pjaxm92bxkfscovgen19yd3ujujm057s7x7uzz8cg0.png\" title=\"Flammen logo ausgeschnitten\" alt=\"Flammen logo ausgeschnitten\" loading=\"lazy\" \/>\t\t\t\t\t\t\t\t\t\t\t\t\t\t\t<\/div>\n\t\t\t\t<\/div>\n\t\t\t\t\t<\/div>\n\t\t<\/div>\n\t\t\t\t<div class=\"elementor-column elementor-col-14 elementor-top-column elementor-element elementor-element-1f5a673\" data-id=\"1f5a673\" data-element_type=\"column\">\n\t\t\t<div class=\"elementor-widget-wrap elementor-element-populated\">\n\t\t\t\t\t\t<div class=\"elementor-element elementor-element-540981e elementor-widget elementor-widget-heading\" data-id=\"540981e\" data-element_type=\"widget\" data-widget_type=\"heading.default\">\n\t\t\t\t<div class=\"elementor-widget-container\">\n\t\t\t\t\t<h2 class=\"elementor-heading-title elementor-size-default\"><a href=\"https:\/\/www.ff-treffelsdorf.at\/?page_id=50\">Fahrzeuge<\/a><\/h2>\t\t\t\t<\/div>\n\t\t\t\t<\/div>\n\t\t\t\t\t<\/div>\n\t\t<\/div>\n\t\t\t\t<div class=\"elementor-column elementor-col-14 elementor-top-column elementor-element elementor-element-2ddda43\" data-id=\"2ddda43\" data-element_type=\"column\">\n\t\t\t<div class=\"elementor-widget-wrap elementor-element-populated\">\n\t\t\t\t\t\t<div class=\"elementor-element elementor-element-827a3e3 elementor-widget elementor-widget-image\" data-id=\"827a3e3\" data-element_type=\"widget\" data-widget_type=\"image.default\">\n\t\t\t\t<div class=\"elementor-widget-container\">\n\t\t\t\t\t\t\t\t\t\t\t\t\t\t\t<img decoding=\"async\" src=\"https:\/\/www.ff-treffelsdorf.at\/wp-content\/uploads\/elementor\/thumbs\/Flammen-logo-ausgeschnitten-2-pjaxm92bxkfscovgen19yd3ujujm057s7x7uzz8cg0.png\" title=\"Flammen logo ausgeschnitten\" alt=\"Flammen logo ausgeschnitten\" loading=\"lazy\" \/>\t\t\t\t\t\t\t\t\t\t\t\t\t\t\t<\/div>\n\t\t\t\t<\/div>\n\t\t\t\t\t<\/div>\n\t\t<\/div>\n\t\t\t\t<div class=\"elementor-column elementor-col-14 elementor-top-column elementor-element elementor-element-a5b7fd2\" data-id=\"a5b7fd2\" data-element_type=\"column\">\n\t\t\t<div class=\"elementor-widget-wrap elementor-element-populated\">\n\t\t\t\t\t\t<div class=\"elementor-element elementor-element-bcb624a elementor-widget elementor-widget-heading\" data-id=\"bcb624a\" data-element_type=\"widget\" data-widget_type=\"heading.default\">\n\t\t\t\t<div class=\"elementor-widget-container\">\n\t\t\t\t\t<h2 class=\"elementor-heading-title elementor-size-default\"><a href=\"https:\/\/www.ff-treffelsdorf.at\/?page_id=52\">Ausr\u00fcstung<\/a><\/h2>\t\t\t\t<\/div>\n\t\t\t\t<\/div>\n\t\t\t\t\t<\/div>\n\t\t<\/div>\n\t\t\t\t<div class=\"elementor-column elementor-col-14 elementor-top-column elementor-element elementor-element-725b076\" data-id=\"725b076\" data-element_type=\"column\">\n\t\t\t<div class=\"elementor-widget-wrap elementor-element-populated\">\n\t\t\t\t\t\t<div class=\"elementor-element elementor-element-c417f73 elementor-widget elementor-widget-image\" data-id=\"c417f73\" data-element_type=\"widget\" data-widget_type=\"image.default\">\n\t\t\t\t<div class=\"elementor-widget-container\">\n\t\t\t\t\t\t\t\t\t\t\t\t\t\t\t<img decoding=\"async\" src=\"https:\/\/www.ff-treffelsdorf.at\/wp-content\/uploads\/elementor\/thumbs\/Flammen-logo-ausgeschnitten-2-pjaxm92bxkfscovgen19yd3ujujm057s7x7uzz8cg0.png\" title=\"Flammen logo ausgeschnitten\" alt=\"Flammen logo ausgeschnitten\" loading=\"lazy\" \/>\t\t\t\t\t\t\t\t\t\t\t\t\t\t\t<\/div>\n\t\t\t\t<\/div>\n\t\t\t\t\t<\/div>\n\t\t<\/div>\n\t\t\t\t<div class=\"elementor-column elementor-col-14 elementor-top-column elementor-element elementor-element-efb4c8a\" data-id=\"efb4c8a\" data-element_type=\"column\">\n\t\t\t<div class=\"elementor-widget-wrap elementor-element-populated\">\n\t\t\t\t\t\t<div class=\"elementor-element elementor-element-dc0e513 elementor-widget elementor-widget-heading\" data-id=\"dc0e513\" data-element_type=\"widget\" data-widget_type=\"heading.default\">\n\t\t\t\t<div class=\"elementor-widget-container\">\n\t\t\t\t\t<h2 class=\"elementor-heading-title elementor-size-default\"><a href=\"https:\/\/www.ff-treffelsdorf.at\/?page_id=54\">Geschichte<\/a><\/h2>\t\t\t\t<\/div>\n\t\t\t\t<\/div>\n\t\t\t\t\t<\/div>\n\t\t<\/div>\n\t\t\t\t\t<\/div>\n\t\t<\/section>\n\t\t\t\t<section class=\"elementor-section elementor-top-section elementor-element elementor-element-8fdd64b elementor-section-boxed elementor-section-height-default elementor-section-height-default\" data-id=\"8fdd64b\" data-element_type=\"section\">\n\t\t\t\t\t\t<div class=\"elementor-container elementor-column-gap-default\">\n\t\t\t\t\t<div class=\"elementor-column elementor-col-100 elementor-top-column elementor-element elementor-element-66fe098\" data-id=\"66fe098\" data-element_type=\"column\">\n\t\t\t<div class=\"elementor-widget-wrap elementor-element-populated\">\n\t\t\t\t\t\t<div class=\"elementor-element elementor-element-d5d9787 elementor-widget elementor-widget-image\" data-id=\"d5d9787\" data-element_type=\"widget\" data-widget_type=\"image.default\">\n\t\t\t\t<div class=\"elementor-widget-container\">\n\t\t\t\t\t\t\t\t\t\t\t\t\t\t\t<img fetchpriority=\"high\" decoding=\"async\" width=\"2048\" height=\"636\" src=\"https:\/\/www.ff-treffelsdorf.at\/wp-content\/uploads\/2022\/01\/DSC_0017-2-2048x636.png\" class=\"attachment-2048x2048 size-2048x2048 wp-image-888\" alt=\"\" srcset=\"https:\/\/www.ff-treffelsdorf.at\/wp-content\/uploads\/2022\/01\/DSC_0017-2-2048x636.png 2048w, https:\/\/www.ff-treffelsdorf.at\/wp-content\/uploads\/2022\/01\/DSC_0017-2-300x93.png 300w, https:\/\/www.ff-treffelsdorf.at\/wp-content\/uploads\/2022\/01\/DSC_0017-2-1024x318.png 1024w, https:\/\/www.ff-treffelsdorf.at\/wp-content\/uploads\/2022\/01\/DSC_0017-2-768x239.png 768w, https:\/\/www.ff-treffelsdorf.at\/wp-content\/uploads\/2022\/01\/DSC_0017-2-1536x477.png 1536w, https:\/\/www.ff-treffelsdorf.at\/wp-content\/uploads\/2022\/01\/DSC_0017-2-600x186.png 600w\" sizes=\"(max-width: 2048px) 100vw, 2048px\" \/>\t\t\t\t\t\t\t\t\t\t\t\t\t\t\t<\/div>\n\t\t\t\t<\/div>\n\t\t\t\t\t<\/div>\n\t\t<\/div>\n\t\t\t\t\t<\/div>\n\t\t<\/section>\n\t\t\t\t<\/div>\n\t\t","protected":false},"excerpt":{"rendered":"<p>Die Freiwillige Feuerwehr Treffelsdorf Die Kammeradinnen und Kammeraden der Freiwilligen Feuerwehr Treffelsdorf sorgen seit 1927 f\u00fcr die Sicherheit der Bev\u00f6lkerung im Westen der Gemeinde Frauenstein. Die FF Treffelsdorf ist aber auch \u00fcber die Gemeindegrenzen hinweg f\u00fcr alle Menschen immer Einsatzbereit und jederzeit zur Stelle. Durch ein gro\u00dfes Spektrum an verschiedensten Ausr\u00fcstungen sind wir bestens ger\u00fcstet<\/p><\/div>\n<div class=\"blog-btn\"><a href=\"https:\/\/www.ff-treffelsdorf.at\/?page_id=11\" class=\"home-blog-btn\">Weiterlesen<\/a><\/p>\n","protected":false},"author":1,"featured_media":0,"parent":0,"menu_order":0,"comment_status":"closed","ping_status":"closed","template":"","meta":{"footnotes":""},"class_list":["post-11","page","type-page","status-publish","hentry"],"_links":{"self":[{"href":"https:\/\/www.ff-treffelsdorf.at\/index.php?rest_route=\/wp\/v2\/pages\/11","targetHints":{"allow":["GET"]}}],"collection":[{"href":"https:\/\/www.ff-treffelsdorf.at\/index.php?rest_route=\/wp\/v2\/pages"}],"about":[{"href":"https:\/\/www.ff-treffelsdorf.at\/index.php?rest_route=\/wp\/v2\/types\/page"}],"author":[{"embeddable":true,"href":"https:\/\/www.ff-treffelsdorf.at\/index.php?rest_route=\/wp\/v2\/users\/1"}],"replies":[{"embeddable":true,"href":"https:\/\/www.ff-treffelsdorf.at\/index.php?rest_route=%2Fwp%2Fv2%2Fcomments&post=11"}],"version-history":[{"count":50,"href":"https:\/\/www.ff-treffelsdorf.at\/index.php?rest_route=\/wp\/v2\/pages\/11\/revisions"}],"predecessor-version":[{"id":2266,"href":"https:\/\/www.ff-treffelsdorf.at\/index.php?rest_route=\/wp\/v2\/pages\/11\/revisions\/2266"}],"wp:attachment":[{"href":"https:\/\/www.ff-treffelsdorf.at\/index.php?rest_route=%2Fwp%2Fv2%2Fmedia&parent=11"}],"curies":[{"name":"wp","href":"https:\/\/api.w.org\/{rel}","templated":true}]}}