{"id":15,"date":"2021-11-18T18:15:00","date_gmt":"2021-11-18T17:15:00","guid":{"rendered":"http:\/\/www.ff-treffelsdorf.at\/?page_id=15"},"modified":"2026-02-01T10:14:13","modified_gmt":"2026-02-01T09:14:13","slug":"home","status":"publish","type":"page","link":"https:\/\/www.ff-treffelsdorf.at\/","title":{"rendered":"Home"},"content":{"rendered":"\t\t<div data-elementor-type=\"wp-page\" data-elementor-id=\"15\" class=\"elementor elementor-15\">\n\t\t\t\t\t\t<section class=\"elementor-section elementor-top-section elementor-element elementor-element-3794405 elementor-section-full_width elementor-section-height-min-height elementor-section-height-default elementor-section-items-middle\" data-id=\"3794405\" data-element_type=\"section\">\n\t\t\t\t\t\t\t<div class=\"elementor-background-overlay\"><\/div>\n\t\t\t\t\t\t\t<div class=\"elementor-container elementor-column-gap-no\">\n\t\t\t\t\t<div class=\"elementor-column elementor-col-100 elementor-top-column elementor-element elementor-element-1d9a603\" data-id=\"1d9a603\" data-element_type=\"column\" data-settings=\"{&quot;background_background&quot;:&quot;classic&quot;}\">\n\t\t\t<div class=\"elementor-widget-wrap elementor-element-populated\">\n\t\t\t\t\t\t<div class=\"elementor-element elementor-element-6cc4146 elementor-widget elementor-widget-image\" data-id=\"6cc4146\" data-element_type=\"widget\" data-widget_type=\"image.default\">\n\t\t\t\t<div class=\"elementor-widget-container\">\n\t\t\t\t\t\t\t\t\t\t\t\t\t\t\t<img fetchpriority=\"high\" decoding=\"async\" width=\"2048\" height=\"532\" src=\"https:\/\/www.ff-treffelsdorf.at\/wp-content\/uploads\/2022\/01\/TLF-e1642093334997-2048x532.png\" class=\"attachment-2048x2048 size-2048x2048 wp-image-862\" alt=\"\" srcset=\"https:\/\/www.ff-treffelsdorf.at\/wp-content\/uploads\/2022\/01\/TLF-e1642093334997-2048x532.png 2048w, https:\/\/www.ff-treffelsdorf.at\/wp-content\/uploads\/2022\/01\/TLF-e1642093334997-300x78.png 300w, https:\/\/www.ff-treffelsdorf.at\/wp-content\/uploads\/2022\/01\/TLF-e1642093334997-1024x266.png 1024w, https:\/\/www.ff-treffelsdorf.at\/wp-content\/uploads\/2022\/01\/TLF-e1642093334997-768x200.png 768w, https:\/\/www.ff-treffelsdorf.at\/wp-content\/uploads\/2022\/01\/TLF-e1642093334997-1536x399.png 1536w, https:\/\/www.ff-treffelsdorf.at\/wp-content\/uploads\/2022\/01\/TLF-e1642093334997-600x156.png 600w\" sizes=\"(max-width: 2048px) 100vw, 2048px\" \/>\t\t\t\t\t\t\t\t\t\t\t\t\t\t\t<\/div>\n\t\t\t\t<\/div>\n\t\t\t\t\t<\/div>\n\t\t<\/div>\n\t\t\t\t\t<\/div>\n\t\t<\/section>\n\t\t\t\t<section class=\"elementor-section elementor-top-section elementor-element elementor-element-7d99bd5 elementor-section-boxed elementor-section-height-default elementor-section-height-default\" data-id=\"7d99bd5\" data-element_type=\"section\" data-settings=\"{&quot;background_background&quot;:&quot;classic&quot;}\">\n\t\t\t\t\t\t<div class=\"elementor-container elementor-column-gap-default\">\n\t\t\t\t\t<div class=\"elementor-column elementor-col-33 elementor-top-column elementor-element elementor-element-7ac9fc8\" data-id=\"7ac9fc8\" data-element_type=\"column\">\n\t\t\t<div class=\"elementor-widget-wrap elementor-element-populated\">\n\t\t\t\t\t\t<div class=\"elementor-element elementor-element-cd954aa elementor-widget elementor-widget-image\" data-id=\"cd954aa\" data-element_type=\"widget\" data-widget_type=\"image.default\">\n\t\t\t\t<div class=\"elementor-widget-container\">\n\t\t\t\t\t\t\t\t\t\t\t\t\t\t\t<img decoding=\"async\" width=\"181\" height=\"268\" src=\"https:\/\/www.ff-treffelsdorf.at\/wp-content\/uploads\/2022\/01\/Flammen-logo-ausgeschnitten-1.png\" class=\"attachment-full size-full wp-image-1052\" alt=\"\" \/>\t\t\t\t\t\t\t\t\t\t\t\t\t\t\t<\/div>\n\t\t\t\t<\/div>\n\t\t\t\t\t<\/div>\n\t\t<\/div>\n\t\t\t\t<div class=\"elementor-column elementor-col-33 elementor-top-column elementor-element elementor-element-76c3c28\" data-id=\"76c3c28\" data-element_type=\"column\">\n\t\t\t<div class=\"elementor-widget-wrap elementor-element-populated\">\n\t\t\t\t\t\t<div class=\"elementor-element elementor-element-c090c10 elementor-widget elementor-widget-heading\" data-id=\"c090c10\" data-element_type=\"widget\" data-widget_type=\"heading.default\">\n\t\t\t\t<div class=\"elementor-widget-container\">\n\t\t\t\t\t<h2 class=\"elementor-heading-title elementor-size-medium\">Herzlich Willkommen auf der Website der \n<br>Freiwilligen Feuerwehr Treffelsdorf<\/h2>\t\t\t\t<\/div>\n\t\t\t\t<\/div>\n\t\t\t\t\t<\/div>\n\t\t<\/div>\n\t\t\t\t<div class=\"elementor-column elementor-col-33 elementor-top-column elementor-element elementor-element-4f834ff\" data-id=\"4f834ff\" data-element_type=\"column\">\n\t\t\t<div class=\"elementor-widget-wrap elementor-element-populated\">\n\t\t\t\t\t\t<div class=\"elementor-element elementor-element-f2c5135 elementor-widget elementor-widget-image\" data-id=\"f2c5135\" data-element_type=\"widget\" data-widget_type=\"image.default\">\n\t\t\t\t<div class=\"elementor-widget-container\">\n\t\t\t\t\t\t\t\t\t\t\t\t\t\t\t<img decoding=\"async\" width=\"181\" height=\"268\" src=\"https:\/\/www.ff-treffelsdorf.at\/wp-content\/uploads\/2022\/01\/Flammen-logo-ausgeschnitten-1.png\" class=\"attachment-full size-full wp-image-1052\" alt=\"\" \/>\t\t\t\t\t\t\t\t\t\t\t\t\t\t\t<\/div>\n\t\t\t\t<\/div>\n\t\t\t\t\t<\/div>\n\t\t<\/div>\n\t\t\t\t\t<\/div>\n\t\t<\/section>\n\t\t\t\t<section class=\"elementor-section elementor-top-section elementor-element elementor-element-df1d0ae elementor-section-boxed elementor-section-height-default elementor-section-height-default\" data-id=\"df1d0ae\" data-element_type=\"section\" data-settings=\"{&quot;background_background&quot;:&quot;classic&quot;}\">\n\t\t\t\t\t\t<div class=\"elementor-container elementor-column-gap-default\">\n\t\t\t\t\t<div class=\"elementor-column elementor-col-100 elementor-top-column elementor-element elementor-element-8a04069\" data-id=\"8a04069\" data-element_type=\"column\">\n\t\t\t<div class=\"elementor-widget-wrap elementor-element-populated\">\n\t\t\t\t\t\t<div class=\"elementor-element elementor-element-192d341 elementor-widget elementor-widget-text-editor\" data-id=\"192d341\" data-element_type=\"widget\" data-widget_type=\"text-editor.default\">\n\t\t\t\t<div class=\"elementor-widget-container\">\n\t\t\t\t\t\t\t\t\t<p style=\"text-align: center;\">39 Kameradinnen und Kameraden, welche 24\/7 f\u00fcr Sie in Einsatzbereitschaft stehen, den Dienst in der Feuerwehr mit Leidenschaft und Hingabe verrichten und ihre Freitzeit f\u00fcr Ihre Sicherheit aufbringen. Auf dieser Homepage m\u00f6chten wir Sie ausf\u00fchlich \u00fcber unsere ehrenamtliche T\u00e4tigkeit informieren und Wichtiges bekanntgeben.<\/p>\t\t\t\t\t\t\t\t<\/div>\n\t\t\t\t<\/div>\n\t\t\t\t<div class=\"elementor-element elementor-element-1a2915a elementor-shape-rounded elementor-grid-0 e-grid-align-center elementor-widget elementor-widget-social-icons\" data-id=\"1a2915a\" data-element_type=\"widget\" data-widget_type=\"social-icons.default\">\n\t\t\t\t<div class=\"elementor-widget-container\">\n\t\t\t\t\t\t\t<div class=\"elementor-social-icons-wrapper elementor-grid\">\n\t\t\t\t\t\t\t<span class=\"elementor-grid-item\">\n\t\t\t\t\t<a class=\"elementor-icon elementor-social-icon elementor-social-icon-facebook elementor-repeater-item-b916349\" href=\"https:\/\/www.facebook.com\/feuerwehr.treffelsdorf\/\" target=\"_blank\">\n\t\t\t\t\t\t<span class=\"elementor-screen-only\">Facebook<\/span>\n\t\t\t\t\t\t<i class=\"fab fa-facebook\"><\/i>\t\t\t\t\t<\/a>\n\t\t\t\t<\/span>\n\t\t\t\t\t\t\t<span class=\"elementor-grid-item\">\n\t\t\t\t\t<a class=\"elementor-icon elementor-social-icon elementor-social-icon-instagram elementor-repeater-item-f641499\" href=\"https:\/\/www.instagram.com\/feuerwehr.treffelsdorf\/\" target=\"_blank\">\n\t\t\t\t\t\t<span class=\"elementor-screen-only\">Instagram<\/span>\n\t\t\t\t\t\t<i class=\"fab fa-instagram\"><\/i>\t\t\t\t\t<\/a>\n\t\t\t\t<\/span>\n\t\t\t\t\t<\/div>\n\t\t\t\t\t\t<\/div>\n\t\t\t\t<\/div>\n\t\t\t\t\t<\/div>\n\t\t<\/div>\n\t\t\t\t\t<\/div>\n\t\t<\/section>\n\t\t\t\t<section class=\"elementor-section elementor-top-section elementor-element elementor-element-1844c05 elementor-section-boxed elementor-section-height-default elementor-section-height-default\" data-id=\"1844c05\" data-element_type=\"section\">\n\t\t\t\t\t\t<div class=\"elementor-container elementor-column-gap-default\">\n\t\t\t\t\t<div class=\"elementor-column elementor-col-50 elementor-top-column elementor-element elementor-element-224b2c7\" data-id=\"224b2c7\" data-element_type=\"column\">\n\t\t\t<div class=\"elementor-widget-wrap elementor-element-populated\">\n\t\t\t\t\t\t<div class=\"elementor-element elementor-element-0965b1a elementor-widget elementor-widget-image\" data-id=\"0965b1a\" data-element_type=\"widget\" data-widget_type=\"image.default\">\n\t\t\t\t<div class=\"elementor-widget-container\">\n\t\t\t\t\t\t\t\t\t\t\t\t\t\t\t\t<a href=\"https:\/\/uwz.at\/\">\n\t\t\t\t\t\t\t<img decoding=\"async\" width=\"150\" height=\"150\" src=\"https:\/\/www.ff-treffelsdorf.at\/wp-content\/uploads\/2023\/07\/UWZ-150x150.png\" class=\"attachment-thumbnail size-thumbnail wp-image-1919\" alt=\"\" srcset=\"https:\/\/www.ff-treffelsdorf.at\/wp-content\/uploads\/2023\/07\/UWZ-150x150.png 150w, https:\/\/www.ff-treffelsdorf.at\/wp-content\/uploads\/2023\/07\/UWZ-300x300.png 300w, https:\/\/www.ff-treffelsdorf.at\/wp-content\/uploads\/2023\/07\/elementor\/thumbs\/UWZ-q99pyo65pa25glndjbk6g0l9k1141dlzs4cl90f6y0.png 100w, https:\/\/www.ff-treffelsdorf.at\/wp-content\/uploads\/2023\/07\/elementor\/thumbs\/UWZ-q99pyo64lt5d0eb0kas4jjmqmf8n8spuhi7xpqzox0.png 10w, https:\/\/www.ff-treffelsdorf.at\/wp-content\/uploads\/2023\/07\/elementor\/thumbs\/UWZ-q99pyo64iaug2ygbesb8dgivc8i45ggl7rgbmfr444.png 2w, https:\/\/www.ff-treffelsdorf.at\/wp-content\/uploads\/2023\/07\/elementor\/thumbs\/UWZ-q99pyo653cnxnlkibv4ldz631cxapi04u8206b6kxg.png 50w, https:\/\/www.ff-treffelsdorf.at\/wp-content\/uploads\/2023\/07\/UWZ.png 512w\" sizes=\"(max-width: 150px) 100vw, 150px\" \/>\t\t\t\t\t\t\t\t<\/a>\n\t\t\t\t\t\t\t\t\t\t\t\t\t\t\t<\/div>\n\t\t\t\t<\/div>\n\t\t\t\t<div class=\"elementor-element elementor-element-e3fa886 elementor-widget elementor-widget-text-editor\" data-id=\"e3fa886\" data-element_type=\"widget\" data-widget_type=\"text-editor.default\">\n\t\t\t\t<div class=\"elementor-widget-container\">\n\t\t\t\t\t\t\t\t\t<p>Unwetterdaten powered by: uwz.at<\/p>\t\t\t\t\t\t\t\t<\/div>\n\t\t\t\t<\/div>\n\t\t\t\t\t<\/div>\n\t\t<\/div>\n\t\t\t\t<div class=\"elementor-column elementor-col-50 elementor-top-column elementor-element elementor-element-c959155\" data-id=\"c959155\" data-element_type=\"column\">\n\t\t\t<div class=\"elementor-widget-wrap\">\n\t\t\t\t\t\t\t<\/div>\n\t\t<\/div>\n\t\t\t\t\t<\/div>\n\t\t<\/section>\n\t\t\t\t<\/div>\n\t\t","protected":false},"excerpt":{"rendered":"<p>Herzlich Willkommen auf der Website der Freiwilligen Feuerwehr Treffelsdorf 39 Kameradinnen und Kameraden, welche 24\/7 f\u00fcr Sie in Einsatzbereitschaft stehen, den Dienst in der Feuerwehr mit Leidenschaft und Hingabe verrichten und ihre Freitzeit f\u00fcr Ihre Sicherheit aufbringen. Auf dieser Homepage m\u00f6chten wir Sie ausf\u00fchlich \u00fcber unsere ehrenamtliche T\u00e4tigkeit informieren und Wichtiges bekanntgeben. Facebook Instagram Unwetterdaten<\/p><\/div>\n<div class=\"blog-btn\"><a href=\"https:\/\/www.ff-treffelsdorf.at\/\" class=\"home-blog-btn\">Weiterlesen<\/a><\/p>\n","protected":false},"author":1,"featured_media":0,"parent":0,"menu_order":0,"comment_status":"closed","ping_status":"closed","template":"elementor_header_footer","meta":{"footnotes":""},"class_list":["post-15","page","type-page","status-publish","hentry"],"_links":{"self":[{"href":"https:\/\/www.ff-treffelsdorf.at\/index.php?rest_route=\/wp\/v2\/pages\/15","targetHints":{"allow":["GET"]}}],"collection":[{"href":"https:\/\/www.ff-treffelsdorf.at\/index.php?rest_route=\/wp\/v2\/pages"}],"about":[{"href":"https:\/\/www.ff-treffelsdorf.at\/index.php?rest_route=\/wp\/v2\/types\/page"}],"author":[{"embeddable":true,"href":"https:\/\/www.ff-treffelsdorf.at\/index.php?rest_route=\/wp\/v2\/users\/1"}],"replies":[{"embeddable":true,"href":"https:\/\/www.ff-treffelsdorf.at\/index.php?rest_route=%2Fwp%2Fv2%2Fcomments&post=15"}],"version-history":[{"count":197,"href":"https:\/\/www.ff-treffelsdorf.at\/index.php?rest_route=\/wp\/v2\/pages\/15\/revisions"}],"predecessor-version":[{"id":2282,"href":"https:\/\/www.ff-treffelsdorf.at\/index.php?rest_route=\/wp\/v2\/pages\/15\/revisions\/2282"}],"wp:attachment":[{"href":"https:\/\/www.ff-treffelsdorf.at\/index.php?rest_route=%2Fwp%2Fv2%2Fmedia&parent=15"}],"curies":[{"name":"wp","href":"https:\/\/api.w.org\/{rel}","templated":true}]}}