{"id":2,"date":"2021-11-18T17:30:54","date_gmt":"2021-11-18T16:30:54","guid":{"rendered":""},"modified":"2024-04-01T16:33:52","modified_gmt":"2024-04-01T14:33:52","slug":"beispiel-seite","status":"publish","type":"page","link":"https:\/\/www.ff-treffelsdorf.at\/?page_id=2","title":{"rendered":"Jugendfeuerwehr"},"content":{"rendered":"\t\t<div data-elementor-type=\"wp-page\" data-elementor-id=\"2\" class=\"elementor elementor-2\">\n\t\t\t\t\t\t<section class=\"elementor-section elementor-top-section elementor-element elementor-element-7edc3d3 elementor-section-boxed elementor-section-height-default elementor-section-height-default\" data-id=\"7edc3d3\" data-element_type=\"section\">\n\t\t\t\t\t\t<div class=\"elementor-container elementor-column-gap-default\">\n\t\t\t\t\t<div class=\"elementor-column elementor-col-33 elementor-top-column elementor-element elementor-element-d616b4a\" data-id=\"d616b4a\" data-element_type=\"column\">\n\t\t\t<div class=\"elementor-widget-wrap elementor-element-populated\">\n\t\t\t\t\t\t<div class=\"elementor-element elementor-element-7b6f451 elementor-widget elementor-widget-image\" data-id=\"7b6f451\" data-element_type=\"widget\" data-widget_type=\"image.default\">\n\t\t\t\t<div class=\"elementor-widget-container\">\n\t\t\t\t\t\t\t\t\t\t\t\t\t\t\t<img decoding=\"async\" src=\"https:\/\/www.ff-treffelsdorf.at\/wp-content\/uploads\/elementor\/thumbs\/Feuerwehrjugend-pjb0lqvvihlkblegvn4jvahke3xuwyyampsssn4000.jpg\" title=\"Feuerwehrjugend\" alt=\"Feuerwehrjugend\" loading=\"lazy\" \/>\t\t\t\t\t\t\t\t\t\t\t\t\t\t\t<\/div>\n\t\t\t\t<\/div>\n\t\t\t\t\t<\/div>\n\t\t<\/div>\n\t\t\t\t<div class=\"elementor-column elementor-col-33 elementor-top-column elementor-element elementor-element-273ef88\" data-id=\"273ef88\" data-element_type=\"column\">\n\t\t\t<div class=\"elementor-widget-wrap elementor-element-populated\">\n\t\t\t\t\t\t<div class=\"elementor-element elementor-element-bc8df9e elementor-widget elementor-widget-heading\" data-id=\"bc8df9e\" data-element_type=\"widget\" data-widget_type=\"heading.default\">\n\t\t\t\t<div class=\"elementor-widget-container\">\n\t\t\t\t\t<h2 class=\"elementor-heading-title elementor-size-default\">Unsere Jugendfeuerwehr<\/h2>\t\t\t\t<\/div>\n\t\t\t\t<\/div>\n\t\t\t\t\t<\/div>\n\t\t<\/div>\n\t\t\t\t<div class=\"elementor-column elementor-col-33 elementor-top-column elementor-element elementor-element-9a11c19\" data-id=\"9a11c19\" data-element_type=\"column\">\n\t\t\t<div class=\"elementor-widget-wrap elementor-element-populated\">\n\t\t\t\t\t\t<div class=\"elementor-element elementor-element-d2c29b3 elementor-widget elementor-widget-image\" data-id=\"d2c29b3\" data-element_type=\"widget\" data-widget_type=\"image.default\">\n\t\t\t\t<div class=\"elementor-widget-container\">\n\t\t\t\t\t\t\t\t\t\t\t\t\t\t\t<img decoding=\"async\" src=\"https:\/\/www.ff-treffelsdorf.at\/wp-content\/uploads\/elementor\/thumbs\/Feuerwehrjugend-pjb0lqvvihlkblegvn4jvahke3xuwyyampsssn4000.jpg\" title=\"Feuerwehrjugend\" alt=\"Feuerwehrjugend\" loading=\"lazy\" \/>\t\t\t\t\t\t\t\t\t\t\t\t\t\t\t<\/div>\n\t\t\t\t<\/div>\n\t\t\t\t\t<\/div>\n\t\t<\/div>\n\t\t\t\t\t<\/div>\n\t\t<\/section>\n\t\t\t\t<section class=\"elementor-section elementor-top-section elementor-element elementor-element-6fb3547 elementor-section-boxed elementor-section-height-default elementor-section-height-default\" data-id=\"6fb3547\" data-element_type=\"section\">\n\t\t\t\t\t\t<div class=\"elementor-container elementor-column-gap-default\">\n\t\t\t\t\t<div class=\"elementor-column elementor-col-100 elementor-top-column elementor-element elementor-element-28209b9\" data-id=\"28209b9\" data-element_type=\"column\">\n\t\t\t<div class=\"elementor-widget-wrap elementor-element-populated\">\n\t\t\t\t\t\t<div class=\"elementor-element elementor-element-f18d6fd elementor-invisible elementor-widget elementor-widget-image\" data-id=\"f18d6fd\" data-element_type=\"widget\" data-settings=\"{&quot;_animation&quot;:&quot;zoomIn&quot;}\" data-widget_type=\"image.default\">\n\t\t\t\t<div class=\"elementor-widget-container\">\n\t\t\t\t\t\t\t\t\t\t\t\t\t\t\t<img fetchpriority=\"high\" decoding=\"async\" width=\"2355\" height=\"1565\" src=\"https:\/\/www.ff-treffelsdorf.at\/wp-content\/uploads\/2024\/04\/JF-scaled-e1711981150732.jpeg\" class=\"attachment-full size-full wp-image-2158\" alt=\"\" srcset=\"https:\/\/www.ff-treffelsdorf.at\/wp-content\/uploads\/2024\/04\/JF-scaled-e1711981150732.jpeg 2355w, https:\/\/www.ff-treffelsdorf.at\/wp-content\/uploads\/2024\/04\/JF-scaled-e1711981150732-300x199.jpeg 300w, https:\/\/www.ff-treffelsdorf.at\/wp-content\/uploads\/2024\/04\/JF-scaled-e1711981150732-1024x680.jpeg 1024w, https:\/\/www.ff-treffelsdorf.at\/wp-content\/uploads\/2024\/04\/JF-scaled-e1711981150732-768x510.jpeg 768w, https:\/\/www.ff-treffelsdorf.at\/wp-content\/uploads\/2024\/04\/JF-scaled-e1711981150732-1536x1021.jpeg 1536w, https:\/\/www.ff-treffelsdorf.at\/wp-content\/uploads\/2024\/04\/JF-scaled-e1711981150732-2048x1361.jpeg 2048w\" sizes=\"(max-width: 2355px) 100vw, 2355px\" \/>\t\t\t\t\t\t\t\t\t\t\t\t\t\t\t<\/div>\n\t\t\t\t<\/div>\n\t\t\t\t\t<\/div>\n\t\t<\/div>\n\t\t\t\t\t<\/div>\n\t\t<\/section>\n\t\t\t\t<section class=\"elementor-section elementor-top-section elementor-element elementor-element-5bdf0ca elementor-section-boxed elementor-section-height-default elementor-section-height-default\" data-id=\"5bdf0ca\" data-element_type=\"section\">\n\t\t\t\t\t\t<div class=\"elementor-container elementor-column-gap-default\">\n\t\t\t\t\t<div class=\"elementor-column elementor-col-100 elementor-top-column elementor-element elementor-element-36bad6c\" data-id=\"36bad6c\" data-element_type=\"column\">\n\t\t\t<div class=\"elementor-widget-wrap elementor-element-populated\">\n\t\t\t\t\t\t<div class=\"elementor-element elementor-element-e800ac2 elementor-widget elementor-widget-text-editor\" data-id=\"e800ac2\" data-element_type=\"widget\" data-widget_type=\"text-editor.default\">\n\t\t\t\t<div class=\"elementor-widget-container\">\n\t\t\t\t\t\t\t\t\t<p style=\"text-align: center;\"><span style=\"color: #000000;\">Unsere Jugendfeuerwehr wurde 2021 zusammen mit unserer Nachbarfeuerwehr Oberm\u00fchlbach\/Schaumboden gegr\u00fcndet. Sie besteht derzeit aus 23 Buben und einem M\u00e4dchen. Ge\u00fcbt wird bei der Jugendfeuerwehr jeden dritten Freitag, wo durch viel Spa\u00df und interessanten Aufgaben die Kinder f\u00fcr den aktiven Feuerwehrdienst vorbereitet werden und so die Sicherheit f\u00fcr die Bev\u00f6lkerung auch in der Zukunft gew\u00e4hrleistet werden kann.<\/span><\/p><p style=\"text-align: center;\"><span style=\"color: #000000;\">Bei Interesse und Fragen k\u00f6nnen Sie sich gerne bei uns melden.<\/span><\/p>\t\t\t\t\t\t\t\t<\/div>\n\t\t\t\t<\/div>\n\t\t\t\t<div class=\"elementor-element elementor-element-4a77ffe elementor-align-center elementor-widget elementor-widget-button\" data-id=\"4a77ffe\" data-element_type=\"widget\" data-widget_type=\"button.default\">\n\t\t\t\t<div class=\"elementor-widget-container\">\n\t\t\t\t\t\t\t\t\t<div class=\"elementor-button-wrapper\">\n\t\t\t\t\t<a class=\"elementor-button elementor-button-link elementor-size-sm\" href=\"https:\/\/www.ff-treffelsdorf.at\/kontakt\/\">\n\t\t\t\t\t\t<span class=\"elementor-button-content-wrapper\">\n\t\t\t\t\t\t\t\t\t<span class=\"elementor-button-text\">Kontakte<\/span>\n\t\t\t\t\t<\/span>\n\t\t\t\t\t<\/a>\n\t\t\t\t<\/div>\n\t\t\t\t\t\t\t\t<\/div>\n\t\t\t\t<\/div>\n\t\t\t\t\t<\/div>\n\t\t<\/div>\n\t\t\t\t\t<\/div>\n\t\t<\/section>\n\t\t\t\t<section class=\"elementor-section elementor-top-section elementor-element elementor-element-820822e elementor-section-boxed elementor-section-height-default elementor-section-height-default\" data-id=\"820822e\" data-element_type=\"section\">\n\t\t\t\t\t\t<div class=\"elementor-container elementor-column-gap-default\">\n\t\t\t\t\t<div class=\"elementor-column elementor-col-100 elementor-top-column elementor-element elementor-element-f06d0bf\" data-id=\"f06d0bf\" data-element_type=\"column\">\n\t\t\t<div class=\"elementor-widget-wrap elementor-element-populated\">\n\t\t\t\t\t\t<div class=\"elementor-element elementor-element-5962c22 elementor-arrows-position-inside elementor-pagination-position-outside elementor-widget elementor-widget-image-carousel\" data-id=\"5962c22\" data-element_type=\"widget\" data-settings=\"{&quot;slides_to_show&quot;:&quot;4&quot;,&quot;navigation&quot;:&quot;both&quot;,&quot;autoplay&quot;:&quot;yes&quot;,&quot;pause_on_hover&quot;:&quot;yes&quot;,&quot;pause_on_interaction&quot;:&quot;yes&quot;,&quot;autoplay_speed&quot;:5000,&quot;infinite&quot;:&quot;yes&quot;,&quot;speed&quot;:500}\" data-widget_type=\"image-carousel.default\">\n\t\t\t\t<div class=\"elementor-widget-container\">\n\t\t\t\t\t\t\t<div class=\"elementor-image-carousel-wrapper swiper\" role=\"region\" aria-roledescription=\"carousel\" aria-label=\"Bild Karussell\" dir=\"ltr\">\n\t\t\t<div class=\"elementor-image-carousel swiper-wrapper\" aria-live=\"off\">\n\t\t\t\t\t\t\t\t<div class=\"swiper-slide\" role=\"group\" aria-roledescription=\"slide\" aria-label=\"1 von 9\"><figure class=\"swiper-slide-inner\"><img decoding=\"async\" class=\"swiper-slide-image\" src=\"https:\/\/www.ff-treffelsdorf.at\/wp-content\/uploads\/2024\/04\/JF_aktiv-1-150x150.jpeg\" alt=\"JF_aktiv (1)\" \/><\/figure><\/div><div class=\"swiper-slide\" role=\"group\" aria-roledescription=\"slide\" aria-label=\"2 von 9\"><figure class=\"swiper-slide-inner\"><img decoding=\"async\" class=\"swiper-slide-image\" src=\"https:\/\/www.ff-treffelsdorf.at\/wp-content\/uploads\/2024\/04\/JF_aktiv-2-150x150.jpeg\" alt=\"JF_aktiv (2)\" \/><\/figure><\/div><div class=\"swiper-slide\" role=\"group\" aria-roledescription=\"slide\" aria-label=\"3 von 9\"><figure class=\"swiper-slide-inner\"><img decoding=\"async\" class=\"swiper-slide-image\" src=\"https:\/\/www.ff-treffelsdorf.at\/wp-content\/uploads\/2024\/04\/JF_aktiv-3-150x150.jpeg\" alt=\"JF_aktiv (3)\" \/><\/figure><\/div><div class=\"swiper-slide\" role=\"group\" aria-roledescription=\"slide\" aria-label=\"4 von 9\"><figure class=\"swiper-slide-inner\"><img decoding=\"async\" class=\"swiper-slide-image\" src=\"https:\/\/www.ff-treffelsdorf.at\/wp-content\/uploads\/2024\/04\/JF_aktiv-4-150x150.jpeg\" alt=\"JF_aktiv (4)\" \/><\/figure><\/div><div class=\"swiper-slide\" role=\"group\" aria-roledescription=\"slide\" aria-label=\"5 von 9\"><figure class=\"swiper-slide-inner\"><img decoding=\"async\" class=\"swiper-slide-image\" src=\"https:\/\/www.ff-treffelsdorf.at\/wp-content\/uploads\/2024\/04\/JF_aktiv-5-150x150.jpeg\" alt=\"JF_aktiv (5)\" \/><\/figure><\/div><div class=\"swiper-slide\" role=\"group\" aria-roledescription=\"slide\" aria-label=\"6 von 9\"><figure class=\"swiper-slide-inner\"><img decoding=\"async\" class=\"swiper-slide-image\" src=\"https:\/\/www.ff-treffelsdorf.at\/wp-content\/uploads\/2024\/04\/JF_aktiv-6-150x150.jpeg\" alt=\"JF_aktiv (6)\" \/><\/figure><\/div><div class=\"swiper-slide\" role=\"group\" aria-roledescription=\"slide\" aria-label=\"7 von 9\"><figure class=\"swiper-slide-inner\"><img decoding=\"async\" class=\"swiper-slide-image\" src=\"https:\/\/www.ff-treffelsdorf.at\/wp-content\/uploads\/2024\/04\/JF_aktiv-7-150x150.jpeg\" alt=\"JF_aktiv (7)\" \/><\/figure><\/div><div class=\"swiper-slide\" role=\"group\" aria-roledescription=\"slide\" aria-label=\"8 von 9\"><figure class=\"swiper-slide-inner\"><img decoding=\"async\" class=\"swiper-slide-image\" src=\"https:\/\/www.ff-treffelsdorf.at\/wp-content\/uploads\/2024\/04\/JF_aktiv-8-150x150.jpeg\" alt=\"JF_aktiv (8)\" \/><\/figure><\/div><div class=\"swiper-slide\" role=\"group\" aria-roledescription=\"slide\" aria-label=\"9 von 9\"><figure class=\"swiper-slide-inner\"><img decoding=\"async\" class=\"swiper-slide-image\" src=\"https:\/\/www.ff-treffelsdorf.at\/wp-content\/uploads\/2024\/02\/ef942149-03b3-4d75-9cfa-13f451382a83-150x150.jpg\" alt=\"ef942149-03b3-4d75-9cfa-13f451382a83\" \/><\/figure><\/div>\t\t\t<\/div>\n\t\t\t\t\t\t\t\t\t\t\t\t<div class=\"elementor-swiper-button elementor-swiper-button-prev\" role=\"button\" tabindex=\"0\">\n\t\t\t\t\t\t<i aria-hidden=\"true\" class=\"eicon-chevron-left\"><\/i>\t\t\t\t\t<\/div>\n\t\t\t\t\t<div class=\"elementor-swiper-button elementor-swiper-button-next\" role=\"button\" tabindex=\"0\">\n\t\t\t\t\t\t<i aria-hidden=\"true\" class=\"eicon-chevron-right\"><\/i>\t\t\t\t\t<\/div>\n\t\t\t\t\n\t\t\t\t\t\t\t\t\t<div class=\"swiper-pagination\"><\/div>\n\t\t\t\t\t\t\t\t\t<\/div>\n\t\t\t\t\t\t<\/div>\n\t\t\t\t<\/div>\n\t\t\t\t\t<\/div>\n\t\t<\/div>\n\t\t\t\t\t<\/div>\n\t\t<\/section>\n\t\t\t\t<\/div>\n\t\t","protected":false},"excerpt":{"rendered":"<p>Unsere Jugendfeuerwehr Unsere Jugendfeuerwehr wurde 2021 zusammen mit unserer Nachbarfeuerwehr Oberm\u00fchlbach\/Schaumboden gegr\u00fcndet. Sie besteht derzeit aus 23 Buben und einem M\u00e4dchen. Ge\u00fcbt wird bei der Jugendfeuerwehr jeden dritten Freitag, wo durch viel Spa\u00df und interessanten Aufgaben die Kinder f\u00fcr den aktiven Feuerwehrdienst vorbereitet werden und so die Sicherheit f\u00fcr die Bev\u00f6lkerung auch in der Zukunft<\/p><\/div>\n<div class=\"blog-btn\"><a href=\"https:\/\/www.ff-treffelsdorf.at\/?page_id=2\" class=\"home-blog-btn\">Weiterlesen<\/a><\/p>\n","protected":false},"author":1,"featured_media":0,"parent":0,"menu_order":0,"comment_status":"closed","ping_status":"open","template":"elementor_theme","meta":{"footnotes":""},"class_list":["post-2","page","type-page","status-publish","hentry"],"_links":{"self":[{"href":"https:\/\/www.ff-treffelsdorf.at\/index.php?rest_route=\/wp\/v2\/pages\/2","targetHints":{"allow":["GET"]}}],"collection":[{"href":"https:\/\/www.ff-treffelsdorf.at\/index.php?rest_route=\/wp\/v2\/pages"}],"about":[{"href":"https:\/\/www.ff-treffelsdorf.at\/index.php?rest_route=\/wp\/v2\/types\/page"}],"author":[{"embeddable":true,"href":"https:\/\/www.ff-treffelsdorf.at\/index.php?rest_route=\/wp\/v2\/users\/1"}],"replies":[{"embeddable":true,"href":"https:\/\/www.ff-treffelsdorf.at\/index.php?rest_route=%2Fwp%2Fv2%2Fcomments&post=2"}],"version-history":[{"count":66,"href":"https:\/\/www.ff-treffelsdorf.at\/index.php?rest_route=\/wp\/v2\/pages\/2\/revisions"}],"predecessor-version":[{"id":2172,"href":"https:\/\/www.ff-treffelsdorf.at\/index.php?rest_route=\/wp\/v2\/pages\/2\/revisions\/2172"}],"wp:attachment":[{"href":"https:\/\/www.ff-treffelsdorf.at\/index.php?rest_route=%2Fwp%2Fv2%2Fmedia&parent=2"}],"curies":[{"name":"wp","href":"https:\/\/api.w.org\/{rel}","templated":true}]}}