{"id":48,"date":"2021-11-18T19:22:57","date_gmt":"2021-11-18T18:22:57","guid":{"rendered":"http:\/\/www.ff-treffelsdorf.at\/?page_id=48"},"modified":"2026-01-23T19:24:51","modified_gmt":"2026-01-23T18:24:51","slug":"mannschaft","status":"publish","type":"page","link":"https:\/\/www.ff-treffelsdorf.at\/?page_id=48","title":{"rendered":"Mitglieder"},"content":{"rendered":"<p><img fetchpriority=\"high\" decoding=\"async\" width=\"696\" height=\"408\" src=\"https:\/\/www.ff-treffelsdorf.at\/wp-content\/uploads\/2023\/09\/Mannschaft-e1694542126163.jpeg\" alt=\"\" srcset=\"https:\/\/www.ff-treffelsdorf.at\/wp-content\/uploads\/2023\/09\/Mannschaft-e1694542126163.jpeg 1024w, https:\/\/www.ff-treffelsdorf.at\/wp-content\/uploads\/2023\/09\/Mannschaft-e1694542126163-300x176.jpeg 300w, https:\/\/www.ff-treffelsdorf.at\/wp-content\/uploads\/2023\/09\/Mannschaft-e1694542126163-768x450.jpeg 768w\" sizes=\"(max-width: 696px) 100vw, 696px\" \/>\t\t\t\t\t\t\t\t\t\t\t\t\t\t\t<\/p>\n<h2><a href=\"https:\/\/www.ff-treffelsdorf.at\/?page_id=530\">Kommandantschaft<\/a><\/h2>\n<p>\t\t\t\t\t\t\t\t\t\t\t\t\t\t\t<img decoding=\"async\" src=\"https:\/\/www.ff-treffelsdorf.at\/wp-content\/uploads\/elementor\/thumbs\/Flammen-logo-ausgeschnitten-2-pjaxm92bxkfscovgen19yd3ujujm057s7x7uzz8cg0.png\" title=\"Flammen logo ausgeschnitten\" alt=\"Flammen logo ausgeschnitten\" loading=\"lazy\" \/>\t\t\t\t\t\t\t\t\t\t\t\t\t\t\t<\/p>\n<h2><a href=\"https:\/\/www.ff-treffelsdorf.at\/?page_id=532\">Ausschuss<\/a><\/h2>\n<p>\t\t\t\t\t\t\t\t\t\t\t\t\t\t\t<img decoding=\"async\" src=\"https:\/\/www.ff-treffelsdorf.at\/wp-content\/uploads\/elementor\/thumbs\/Flammen-logo-ausgeschnitten-1-pj3wjljrnmn2wglt80ctuwlrm1sm1vjymdje4doruo.png\" title=\"Flammen logo ausgeschnitten\" alt=\"Flammen logo ausgeschnitten\" loading=\"lazy\" \/>\t\t\t\t\t\t\t\t\t\t\t\t\t\t\t<\/p>\n<h2><a href=\"https:\/\/www.ff-treffelsdorf.at\/?page_id=534\">Mannschaft<\/a><\/h2>\n<p style=\"text-align: center;\"><em><strong>Die Feuerwehr Treffelsdorf sucht immer nach neuen, motivierten Mitgliedern<\/strong><\/em><\/p>\n<p style=\"text-align: center;\">Du bist mindestens 15 Jahre alt, kannst gut mit anderen zusammenarbeiten, m\u00f6chtest anderen helfen, dann melde dich bei uns und \u00fcberzeuge dich selbst, von den spannenden und vielf\u00e4ltigen T\u00e4tigkeiten der Feuerwehr.<\/p>\n<p style=\"text-align: center;\">!!! Wir freuen uns auf dich !!!<\/p>\n","protected":false},"excerpt":{"rendered":"<p>Kommandantschaft Ausschuss Mannschaft Die Feuerwehr Treffelsdorf sucht immer nach neuen, motivierten Mitgliedern Du bist mindestens 15 Jahre alt, kannst gut mit anderen zusammenarbeiten, m\u00f6chtest anderen helfen, dann melde dich bei uns und \u00fcberzeuge dich selbst, von den spannenden und vielf\u00e4ltigen T\u00e4tigkeiten der Feuerwehr. !!! Wir freuen uns auf dich !!!<\/p>\n","protected":false},"author":1,"featured_media":0,"parent":0,"menu_order":0,"comment_status":"closed","ping_status":"closed","template":"","meta":{"footnotes":""},"class_list":["post-48","page","type-page","status-publish","hentry"],"_links":{"self":[{"href":"https:\/\/www.ff-treffelsdorf.at\/index.php?rest_route=\/wp\/v2\/pages\/48","targetHints":{"allow":["GET"]}}],"collection":[{"href":"https:\/\/www.ff-treffelsdorf.at\/index.php?rest_route=\/wp\/v2\/pages"}],"about":[{"href":"https:\/\/www.ff-treffelsdorf.at\/index.php?rest_route=\/wp\/v2\/types\/page"}],"author":[{"embeddable":true,"href":"https:\/\/www.ff-treffelsdorf.at\/index.php?rest_route=\/wp\/v2\/users\/1"}],"replies":[{"embeddable":true,"href":"https:\/\/www.ff-treffelsdorf.at\/index.php?rest_route=%2Fwp%2Fv2%2Fcomments&post=48"}],"version-history":[{"count":43,"href":"https:\/\/www.ff-treffelsdorf.at\/index.php?rest_route=\/wp\/v2\/pages\/48\/revisions"}],"predecessor-version":[{"id":2260,"href":"https:\/\/www.ff-treffelsdorf.at\/index.php?rest_route=\/wp\/v2\/pages\/48\/revisions\/2260"}],"wp:attachment":[{"href":"https:\/\/www.ff-treffelsdorf.at\/index.php?rest_route=%2Fwp%2Fv2%2Fmedia&parent=48"}],"curies":[{"name":"wp","href":"https:\/\/api.w.org\/{rel}","templated":true}]}}