{"id":50,"date":"2021-11-18T19:23:25","date_gmt":"2021-11-18T18:23:25","guid":{"rendered":"http:\/\/www.ff-treffelsdorf.at\/?page_id=50"},"modified":"2023-08-13T09:53:29","modified_gmt":"2023-08-13T07:53:29","slug":"fahrzeuge","status":"publish","type":"page","link":"https:\/\/www.ff-treffelsdorf.at\/?page_id=50","title":{"rendered":"Fahrzeuge"},"content":{"rendered":"\t\t<div data-elementor-type=\"wp-page\" data-elementor-id=\"50\" class=\"elementor elementor-50\">\n\t\t\t\t\t\t<section class=\"elementor-section elementor-top-section elementor-element elementor-element-a84e877 elementor-section-boxed elementor-section-height-default elementor-section-height-default\" data-id=\"a84e877\" data-element_type=\"section\">\n\t\t\t\t\t\t<div class=\"elementor-container elementor-column-gap-default\">\n\t\t\t\t\t<div class=\"elementor-column elementor-col-100 elementor-top-column elementor-element elementor-element-5276712\" data-id=\"5276712\" data-element_type=\"column\">\n\t\t\t<div class=\"elementor-widget-wrap elementor-element-populated\">\n\t\t\t\t\t\t<div class=\"elementor-element elementor-element-fc25ec0 elementor-widget elementor-widget-text-editor\" data-id=\"fc25ec0\" data-element_type=\"widget\" data-widget_type=\"text-editor.default\">\n\t\t\t\t<div class=\"elementor-widget-container\">\n\t\t\t\t\t\t\t\t\t<p>Drei Fahrzeuge f\u00fcllen unser R\u00fcsthaus welches in den Jahren 1980-1982 erbaut wurde. Unten m\u00f6chten wir einen virtuellen \u00dcberblick erm\u00f6glichen. Das TLFA 2000\/200 f\u00fchrt nicht nur Wasser und Schaum mit sich sondern auch s\u00e4mtliches technisches Ger\u00e4t zur Bew\u00e4ltigung jeglicher Hilfeleistungen. Das KLF-A, als unser \u00e4ltestes Fahrzeug steht seit dem Jahr 1999 in der Fahrzeughalle und dient seitdem pausenlos. Hier findet auch unsere Tragkraftspritze &#8222;Tornado 1500&#8220; ihren Platz. Das MZF wurde durch die Kameradschaftskasse finanziert und f\u00fcllt seit dem Jahr 2015 den Platz im Zubau.<\/p>\t\t\t\t\t\t\t\t<\/div>\n\t\t\t\t<\/div>\n\t\t\t\t\t<\/div>\n\t\t<\/div>\n\t\t\t\t\t<\/div>\n\t\t<\/section>\n\t\t\t\t<section class=\"elementor-section elementor-top-section elementor-element elementor-element-debb086 elementor-section-boxed elementor-section-height-default elementor-section-height-default\" data-id=\"debb086\" data-element_type=\"section\">\n\t\t\t\t\t\t<div class=\"elementor-container elementor-column-gap-default\">\n\t\t\t\t\t<div class=\"elementor-column elementor-col-100 elementor-top-column elementor-element elementor-element-9ab7169\" data-id=\"9ab7169\" data-element_type=\"column\">\n\t\t\t<div class=\"elementor-widget-wrap elementor-element-populated\">\n\t\t\t\t\t\t<div class=\"elementor-element elementor-element-9551a9e elementor-widget elementor-widget-heading\" data-id=\"9551a9e\" data-element_type=\"widget\" data-widget_type=\"heading.default\">\n\t\t\t\t<div class=\"elementor-widget-container\">\n\t\t\t\t\t<h2 class=\"elementor-heading-title elementor-size-large\">TLFA 2000\/200<\/h2>\t\t\t\t<\/div>\n\t\t\t\t<\/div>\n\t\t\t\t\t<\/div>\n\t\t<\/div>\n\t\t\t\t\t<\/div>\n\t\t<\/section>\n\t\t\t\t<section class=\"elementor-section elementor-top-section elementor-element elementor-element-c01ed78 elementor-section-boxed elementor-section-height-default elementor-section-height-default\" data-id=\"c01ed78\" data-element_type=\"section\">\n\t\t\t\t\t\t<div class=\"elementor-container elementor-column-gap-default\">\n\t\t\t\t\t<div class=\"elementor-column elementor-col-100 elementor-top-column elementor-element elementor-element-6a98ad0\" data-id=\"6a98ad0\" data-element_type=\"column\">\n\t\t\t<div class=\"elementor-widget-wrap elementor-element-populated\">\n\t\t\t\t\t\t<div class=\"elementor-element elementor-element-d3e9a0a elementor-widget elementor-widget-text-editor\" data-id=\"d3e9a0a\" data-element_type=\"widget\" data-widget_type=\"text-editor.default\">\n\t\t\t\t<div class=\"elementor-widget-container\">\n\t\t\t\t\t\t\t\t\t<p style=\"text-align: center;\">Bezeichnung: TLFA 2000\/200\u00a0 \u00a0I\u00a0 \u00a0Fahrgestell: MAN TGM 15.290\u00a0 \u00a0I\u00a0 \u00a0Aufbau: Magirus Lohr\u00a0 \u00a0I\u00a0 \u00a0Baujahr: 2015<\/p>\t\t\t\t\t\t\t\t<\/div>\n\t\t\t\t<\/div>\n\t\t\t\t\t<\/div>\n\t\t<\/div>\n\t\t\t\t\t<\/div>\n\t\t<\/section>\n\t\t\t\t<section class=\"elementor-section elementor-top-section elementor-element elementor-element-1892bb0 elementor-section-boxed elementor-section-height-default elementor-section-height-default\" data-id=\"1892bb0\" data-element_type=\"section\">\n\t\t\t\t\t\t<div class=\"elementor-container elementor-column-gap-default\">\n\t\t\t\t\t<div class=\"elementor-column elementor-col-100 elementor-top-column elementor-element elementor-element-e96c2bf\" data-id=\"e96c2bf\" data-element_type=\"column\">\n\t\t\t<div class=\"elementor-widget-wrap elementor-element-populated\">\n\t\t\t\t\t\t<div class=\"elementor-element elementor-element-87aca6e elementor-widget elementor-widget-image\" data-id=\"87aca6e\" data-element_type=\"widget\" data-widget_type=\"image.default\">\n\t\t\t\t<div class=\"elementor-widget-container\">\n\t\t\t\t\t\t\t\t\t\t\t\t\t\t\t<img decoding=\"async\" src=\"https:\/\/www.ff-treffelsdorf.at\/wp-content\/uploads\/2022\/01\/TLF-e1642093334997.png\" title=\"TLF\" alt=\"TLF\" loading=\"lazy\" \/>\t\t\t\t\t\t\t\t\t\t\t\t\t\t\t<\/div>\n\t\t\t\t<\/div>\n\t\t\t\t\t<\/div>\n\t\t<\/div>\n\t\t\t\t\t<\/div>\n\t\t<\/section>\n\t\t\t\t<section class=\"elementor-section elementor-top-section elementor-element elementor-element-6c78b8b elementor-section-boxed elementor-section-height-default elementor-section-height-default\" data-id=\"6c78b8b\" data-element_type=\"section\">\n\t\t\t\t\t\t<div class=\"elementor-container elementor-column-gap-default\">\n\t\t\t\t\t<div class=\"elementor-column elementor-col-50 elementor-top-column elementor-element elementor-element-37b7a2a\" data-id=\"37b7a2a\" data-element_type=\"column\">\n\t\t\t<div class=\"elementor-widget-wrap elementor-element-populated\">\n\t\t\t\t\t\t<div class=\"elementor-element elementor-element-845486a elementor-widget elementor-widget-image\" data-id=\"845486a\" data-element_type=\"widget\" data-widget_type=\"image.default\">\n\t\t\t\t<div class=\"elementor-widget-container\">\n\t\t\t\t\t\t\t\t\t\t\t\t\t\t\t<img decoding=\"async\" src=\"https:\/\/www.ff-treffelsdorf.at\/wp-content\/uploads\/elementor\/thumbs\/Fahrerbereich-TLFA-pihe805j6yuzndfgkx1p5jlhkfhahmfw1vgeb0kfbo.png\" title=\"Fahrerbereich TLFA\" alt=\"Fahrerbereich TLFA\" loading=\"lazy\" \/>\t\t\t\t\t\t\t\t\t\t\t\t\t\t\t<\/div>\n\t\t\t\t<\/div>\n\t\t\t\t\t<\/div>\n\t\t<\/div>\n\t\t\t\t<div class=\"elementor-column elementor-col-50 elementor-top-column elementor-element elementor-element-e96105c\" data-id=\"e96105c\" data-element_type=\"column\">\n\t\t\t<div class=\"elementor-widget-wrap elementor-element-populated\">\n\t\t\t\t\t\t<div class=\"elementor-element elementor-element-0af25a6 elementor-widget elementor-widget-image\" data-id=\"0af25a6\" data-element_type=\"widget\" data-widget_type=\"image.default\">\n\t\t\t\t<div class=\"elementor-widget-container\">\n\t\t\t\t\t\t\t\t\t\t\t\t\t\t\t<img decoding=\"async\" src=\"https:\/\/www.ff-treffelsdorf.at\/wp-content\/uploads\/elementor\/thumbs\/Innenraum-TLFA-scaled-pihe94klcuebilsr0winmreb3zy2olwcjfi9xwwhw4.jpg\" title=\"Innenraum TLFA\" alt=\"Innenraum TLFA\" loading=\"lazy\" \/>\t\t\t\t\t\t\t\t\t\t\t\t\t\t\t<\/div>\n\t\t\t\t<\/div>\n\t\t\t\t\t<\/div>\n\t\t<\/div>\n\t\t\t\t\t<\/div>\n\t\t<\/section>\n\t\t\t\t<section class=\"elementor-section elementor-top-section elementor-element elementor-element-f44ba9a elementor-section-boxed elementor-section-height-default elementor-section-height-default\" data-id=\"f44ba9a\" data-element_type=\"section\">\n\t\t\t\t\t\t<div class=\"elementor-container elementor-column-gap-default\">\n\t\t\t\t\t<div class=\"elementor-column elementor-col-100 elementor-top-column elementor-element elementor-element-450f541\" data-id=\"450f541\" data-element_type=\"column\">\n\t\t\t<div class=\"elementor-widget-wrap elementor-element-populated\">\n\t\t\t\t\t\t\t<\/div>\n\t\t<\/div>\n\t\t\t\t\t<\/div>\n\t\t<\/section>\n\t\t\t\t<section class=\"elementor-section elementor-top-section elementor-element elementor-element-db6cb1a elementor-section-boxed elementor-section-height-default elementor-section-height-default\" data-id=\"db6cb1a\" data-element_type=\"section\">\n\t\t\t\t\t\t<div class=\"elementor-container elementor-column-gap-default\">\n\t\t\t\t\t<div class=\"elementor-column elementor-col-100 elementor-top-column elementor-element elementor-element-1f7f97e\" data-id=\"1f7f97e\" data-element_type=\"column\">\n\t\t\t<div class=\"elementor-widget-wrap elementor-element-populated\">\n\t\t\t\t\t\t<div class=\"elementor-element elementor-element-e1134df elementor-widget elementor-widget-heading\" data-id=\"e1134df\" data-element_type=\"widget\" data-widget_type=\"heading.default\">\n\t\t\t\t<div class=\"elementor-widget-container\">\n\t\t\t\t\t<h2 class=\"elementor-heading-title elementor-size-default\">KLF-A<\/h2>\t\t\t\t<\/div>\n\t\t\t\t<\/div>\n\t\t\t\t\t<\/div>\n\t\t<\/div>\n\t\t\t\t\t<\/div>\n\t\t<\/section>\n\t\t\t\t<section class=\"elementor-section elementor-top-section elementor-element elementor-element-a44f6d9 elementor-section-boxed elementor-section-height-default elementor-section-height-default\" data-id=\"a44f6d9\" data-element_type=\"section\">\n\t\t\t\t\t\t<div class=\"elementor-container elementor-column-gap-default\">\n\t\t\t\t\t<div class=\"elementor-column elementor-col-100 elementor-top-column elementor-element elementor-element-f5e0e6d\" data-id=\"f5e0e6d\" data-element_type=\"column\">\n\t\t\t<div class=\"elementor-widget-wrap elementor-element-populated\">\n\t\t\t\t\t\t<div class=\"elementor-element elementor-element-f06693d elementor-widget elementor-widget-text-editor\" data-id=\"f06693d\" data-element_type=\"widget\" data-widget_type=\"text-editor.default\">\n\t\t\t\t<div class=\"elementor-widget-container\">\n\t\t\t\t\t\t\t\t\t<p>Bezeichnung: KLF-A\u00a0 \u00a0I\u00a0 \u00a0Fahrgestell: Mercedes\u00a0 \u00a0I\u00a0 \u00a0 SprinterAufbau: Nusser\u00a0 \u00a0I\u00a0 \u00a0Baujahr: 1998<\/p>\t\t\t\t\t\t\t\t<\/div>\n\t\t\t\t<\/div>\n\t\t\t\t\t<\/div>\n\t\t<\/div>\n\t\t\t\t\t<\/div>\n\t\t<\/section>\n\t\t\t\t<section class=\"elementor-section elementor-top-section elementor-element elementor-element-f5801de elementor-section-boxed elementor-section-height-default elementor-section-height-default\" data-id=\"f5801de\" data-element_type=\"section\">\n\t\t\t\t\t\t<div class=\"elementor-container elementor-column-gap-default\">\n\t\t\t\t\t<div class=\"elementor-column elementor-col-100 elementor-top-column elementor-element elementor-element-46f3b42\" data-id=\"46f3b42\" data-element_type=\"column\">\n\t\t\t<div class=\"elementor-widget-wrap elementor-element-populated\">\n\t\t\t\t\t\t<div class=\"elementor-element elementor-element-0e9e8d7 elementor-widget elementor-widget-image\" data-id=\"0e9e8d7\" data-element_type=\"widget\" data-widget_type=\"image.default\">\n\t\t\t\t<div class=\"elementor-widget-container\">\n\t\t\t\t\t\t\t\t\t\t\t\t\t\t\t<img decoding=\"async\" src=\"https:\/\/www.ff-treffelsdorf.at\/wp-content\/uploads\/elementor\/thumbs\/KLFA-pihc6mvmg1p8fjytv0lkew1aaxfns214n42h27h8m8.png\" title=\"KLFA\" alt=\"KLFA\" loading=\"lazy\" \/>\t\t\t\t\t\t\t\t\t\t\t\t\t\t\t<\/div>\n\t\t\t\t<\/div>\n\t\t\t\t\t<\/div>\n\t\t<\/div>\n\t\t\t\t\t<\/div>\n\t\t<\/section>\n\t\t\t\t<section class=\"elementor-section elementor-top-section elementor-element elementor-element-e0db117 elementor-section-boxed elementor-section-height-default elementor-section-height-default\" data-id=\"e0db117\" data-element_type=\"section\">\n\t\t\t\t\t\t<div class=\"elementor-container elementor-column-gap-default\">\n\t\t\t\t\t<div class=\"elementor-column elementor-col-100 elementor-top-column elementor-element elementor-element-7837817\" data-id=\"7837817\" data-element_type=\"column\">\n\t\t\t<div class=\"elementor-widget-wrap elementor-element-populated\">\n\t\t\t\t\t\t<div class=\"elementor-element elementor-element-f833a19 elementor-widget elementor-widget-image\" data-id=\"f833a19\" data-element_type=\"widget\" data-widget_type=\"image.default\">\n\t\t\t\t<div class=\"elementor-widget-container\">\n\t\t\t\t\t\t\t\t\t\t\t\t\t\t\t<img decoding=\"async\" src=\"https:\/\/www.ff-treffelsdorf.at\/wp-content\/uploads\/elementor\/thumbs\/DSC_0768-scaled-pih8lvx7szy5l7vn9l2pdzhufc7mr3dfzjbrmetf8k.jpg\" title=\"DSC_0768\" alt=\"DSC_0768\" loading=\"lazy\" \/>\t\t\t\t\t\t\t\t\t\t\t\t\t\t\t<\/div>\n\t\t\t\t<\/div>\n\t\t\t\t\t<\/div>\n\t\t<\/div>\n\t\t\t\t\t<\/div>\n\t\t<\/section>\n\t\t\t\t<section class=\"elementor-section elementor-top-section elementor-element elementor-element-22f81c6 elementor-section-boxed elementor-section-height-default elementor-section-height-default\" data-id=\"22f81c6\" data-element_type=\"section\">\n\t\t\t\t\t\t<div class=\"elementor-container elementor-column-gap-default\">\n\t\t\t\t\t<div class=\"elementor-column elementor-col-100 elementor-top-column elementor-element elementor-element-c75ff05\" data-id=\"c75ff05\" data-element_type=\"column\">\n\t\t\t<div class=\"elementor-widget-wrap elementor-element-populated\">\n\t\t\t\t\t\t\t<\/div>\n\t\t<\/div>\n\t\t\t\t\t<\/div>\n\t\t<\/section>\n\t\t\t\t<section class=\"elementor-section elementor-top-section elementor-element elementor-element-3f7ced2 elementor-section-boxed elementor-section-height-default elementor-section-height-default\" data-id=\"3f7ced2\" data-element_type=\"section\">\n\t\t\t\t\t\t<div class=\"elementor-container elementor-column-gap-default\">\n\t\t\t\t\t<div class=\"elementor-column elementor-col-100 elementor-top-column elementor-element elementor-element-11b6da4\" data-id=\"11b6da4\" data-element_type=\"column\">\n\t\t\t<div class=\"elementor-widget-wrap elementor-element-populated\">\n\t\t\t\t\t\t<div class=\"elementor-element elementor-element-de1f293 elementor-widget elementor-widget-heading\" data-id=\"de1f293\" data-element_type=\"widget\" data-widget_type=\"heading.default\">\n\t\t\t\t<div class=\"elementor-widget-container\">\n\t\t\t\t\t<h2 class=\"elementor-heading-title elementor-size-default\">MZF<\/h2>\t\t\t\t<\/div>\n\t\t\t\t<\/div>\n\t\t\t\t\t<\/div>\n\t\t<\/div>\n\t\t\t\t\t<\/div>\n\t\t<\/section>\n\t\t\t\t<section class=\"elementor-section elementor-top-section elementor-element elementor-element-0069939 elementor-section-boxed elementor-section-height-default elementor-section-height-default\" data-id=\"0069939\" data-element_type=\"section\">\n\t\t\t\t\t\t<div class=\"elementor-container elementor-column-gap-default\">\n\t\t\t\t\t<div class=\"elementor-column elementor-col-100 elementor-top-column elementor-element elementor-element-8a13059\" data-id=\"8a13059\" data-element_type=\"column\">\n\t\t\t<div class=\"elementor-widget-wrap elementor-element-populated\">\n\t\t\t\t\t\t<div class=\"elementor-element elementor-element-4150fa9 elementor-widget elementor-widget-text-editor\" data-id=\"4150fa9\" data-element_type=\"widget\" data-widget_type=\"text-editor.default\">\n\t\t\t\t<div class=\"elementor-widget-container\">\n\t\t\t\t\t\t\t\t\t<p>Bezeichnung: MZF\u00a0 \u00a0I\u00a0 \u00a0Fahrgestell: Ford Ranger\u00a0 \u00a0I\u00a0 \u00a0Besatzung: 1:4\u00a0 \u00a0I\u00a0 \u00a0Baujahr: 2014<\/p>\t\t\t\t\t\t\t\t<\/div>\n\t\t\t\t<\/div>\n\t\t\t\t\t<\/div>\n\t\t<\/div>\n\t\t\t\t\t<\/div>\n\t\t<\/section>\n\t\t\t\t<section class=\"elementor-section elementor-top-section elementor-element elementor-element-c8adb55 elementor-section-boxed elementor-section-height-default elementor-section-height-default\" data-id=\"c8adb55\" data-element_type=\"section\">\n\t\t\t\t\t\t<div class=\"elementor-container elementor-column-gap-default\">\n\t\t\t\t\t<div class=\"elementor-column elementor-col-100 elementor-top-column elementor-element elementor-element-2057359\" data-id=\"2057359\" data-element_type=\"column\">\n\t\t\t<div class=\"elementor-widget-wrap elementor-element-populated\">\n\t\t\t\t\t\t<div class=\"elementor-element elementor-element-68889f0 elementor-widget elementor-widget-image\" data-id=\"68889f0\" data-element_type=\"widget\" data-widget_type=\"image.default\">\n\t\t\t\t<div class=\"elementor-widget-container\">\n\t\t\t\t\t\t\t\t\t\t\t\t\t\t\t<img decoding=\"async\" src=\"https:\/\/www.ff-treffelsdorf.at\/wp-content\/uploads\/elementor\/thumbs\/DSC_0844-pihd07uj0cqwuol6wa9z8wk20ce4s9uw6ekkvowhsg.png\" title=\"DSC_0844\" alt=\"DSC_0844\" loading=\"lazy\" \/>\t\t\t\t\t\t\t\t\t\t\t\t\t\t\t<\/div>\n\t\t\t\t<\/div>\n\t\t\t\t\t<\/div>\n\t\t<\/div>\n\t\t\t\t\t<\/div>\n\t\t<\/section>\n\t\t\t\t<section class=\"elementor-section elementor-top-section elementor-element elementor-element-d3254a9 elementor-section-boxed elementor-section-height-default elementor-section-height-default\" data-id=\"d3254a9\" data-element_type=\"section\">\n\t\t\t\t\t\t<div class=\"elementor-container elementor-column-gap-default\">\n\t\t\t\t\t<div class=\"elementor-column elementor-col-100 elementor-top-column elementor-element elementor-element-15392ea\" data-id=\"15392ea\" data-element_type=\"column\">\n\t\t\t<div class=\"elementor-widget-wrap elementor-element-populated\">\n\t\t\t\t\t\t<div class=\"elementor-element elementor-element-267d7f8 elementor-widget elementor-widget-image\" data-id=\"267d7f8\" data-element_type=\"widget\" data-widget_type=\"image.default\">\n\t\t\t\t<div class=\"elementor-widget-container\">\n\t\t\t\t\t\t\t\t\t\t\t\t\t\t\t<img decoding=\"async\" src=\"https:\/\/www.ff-treffelsdorf.at\/wp-content\/uploads\/elementor\/thumbs\/DSC_0841-scaled-pihd4zv0cyo17qdwv8dty4qkuohwyvgg6gr6r2j34s.jpg\" title=\"DSC_0841\" alt=\"DSC_0841\" loading=\"lazy\" \/>\t\t\t\t\t\t\t\t\t\t\t\t\t\t\t<\/div>\n\t\t\t\t<\/div>\n\t\t\t\t\t<\/div>\n\t\t<\/div>\n\t\t\t\t\t<\/div>\n\t\t<\/section>\n\t\t\t\t<section class=\"elementor-section elementor-top-section elementor-element elementor-element-6889d1f elementor-section-boxed elementor-section-height-default elementor-section-height-default\" data-id=\"6889d1f\" data-element_type=\"section\">\n\t\t\t\t\t\t<div class=\"elementor-container elementor-column-gap-default\">\n\t\t\t\t\t<div class=\"elementor-column elementor-col-100 elementor-top-column elementor-element elementor-element-8376754\" data-id=\"8376754\" data-element_type=\"column\">\n\t\t\t<div class=\"elementor-widget-wrap elementor-element-populated\">\n\t\t\t\t\t\t\t<\/div>\n\t\t<\/div>\n\t\t\t\t\t<\/div>\n\t\t<\/section>\n\t\t\t\t<\/div>\n\t\t","protected":false},"excerpt":{"rendered":"<p>Drei Fahrzeuge f\u00fcllen unser R\u00fcsthaus welches in den Jahren 1980-1982 erbaut wurde. Unten m\u00f6chten wir einen virtuellen \u00dcberblick erm\u00f6glichen. Das TLFA 2000\/200 f\u00fchrt nicht nur Wasser und Schaum mit sich sondern auch s\u00e4mtliches technisches Ger\u00e4t zur Bew\u00e4ltigung jeglicher Hilfeleistungen. Das KLF-A, als unser \u00e4ltestes Fahrzeug steht seit dem Jahr 1999 in der Fahrzeughalle und dient<\/p><\/div>\n<div class=\"blog-btn\"><a href=\"https:\/\/www.ff-treffelsdorf.at\/?page_id=50\" class=\"home-blog-btn\">Weiterlesen<\/a><\/p>\n","protected":false},"author":1,"featured_media":0,"parent":0,"menu_order":0,"comment_status":"closed","ping_status":"closed","template":"","meta":{"footnotes":""},"class_list":["post-50","page","type-page","status-publish","hentry"],"_links":{"self":[{"href":"https:\/\/www.ff-treffelsdorf.at\/index.php?rest_route=\/wp\/v2\/pages\/50","targetHints":{"allow":["GET"]}}],"collection":[{"href":"https:\/\/www.ff-treffelsdorf.at\/index.php?rest_route=\/wp\/v2\/pages"}],"about":[{"href":"https:\/\/www.ff-treffelsdorf.at\/index.php?rest_route=\/wp\/v2\/types\/page"}],"author":[{"embeddable":true,"href":"https:\/\/www.ff-treffelsdorf.at\/index.php?rest_route=\/wp\/v2\/users\/1"}],"replies":[{"embeddable":true,"href":"https:\/\/www.ff-treffelsdorf.at\/index.php?rest_route=%2Fwp%2Fv2%2Fcomments&post=50"}],"version-history":[{"count":28,"href":"https:\/\/www.ff-treffelsdorf.at\/index.php?rest_route=\/wp\/v2\/pages\/50\/revisions"}],"predecessor-version":[{"id":2019,"href":"https:\/\/www.ff-treffelsdorf.at\/index.php?rest_route=\/wp\/v2\/pages\/50\/revisions\/2019"}],"wp:attachment":[{"href":"https:\/\/www.ff-treffelsdorf.at\/index.php?rest_route=%2Fwp%2Fv2%2Fmedia&parent=50"}],"curies":[{"name":"wp","href":"https:\/\/api.w.org\/{rel}","templated":true}]}}