{"id":54,"date":"2021-11-18T19:24:35","date_gmt":"2021-11-18T18:24:35","guid":{"rendered":"http:\/\/www.ff-treffelsdorf.at\/?page_id=54"},"modified":"2023-08-04T17:26:54","modified_gmt":"2023-08-04T15:26:54","slug":"geschichte","status":"publish","type":"page","link":"https:\/\/www.ff-treffelsdorf.at\/?page_id=54","title":{"rendered":"Geschichte"},"content":{"rendered":"\t\t<div data-elementor-type=\"wp-page\" data-elementor-id=\"54\" class=\"elementor elementor-54\">\n\t\t\t\t\t\t<section class=\"elementor-section elementor-top-section elementor-element elementor-element-f6628dd elementor-section-boxed elementor-section-height-default elementor-section-height-default\" data-id=\"f6628dd\" data-element_type=\"section\">\n\t\t\t\t\t\t<div class=\"elementor-container elementor-column-gap-default\">\n\t\t\t\t\t<div class=\"elementor-column elementor-col-100 elementor-top-column elementor-element elementor-element-2951b7e\" data-id=\"2951b7e\" data-element_type=\"column\">\n\t\t\t<div class=\"elementor-widget-wrap elementor-element-populated\">\n\t\t\t\t\t\t<div class=\"elementor-element elementor-element-e0e0e9b elementor-widget elementor-widget-text-editor\" data-id=\"e0e0e9b\" data-element_type=\"widget\" data-widget_type=\"text-editor.default\">\n\t\t\t\t<div class=\"elementor-widget-container\">\n\t\t\t\t\t\t\t\t\t<p>Die Geschichte der FF Treffelsdorf<\/p>\t\t\t\t\t\t\t\t<\/div>\n\t\t\t\t<\/div>\n\t\t\t\t\t<\/div>\n\t\t<\/div>\n\t\t\t\t\t<\/div>\n\t\t<\/section>\n\t\t\t\t<section class=\"elementor-section elementor-top-section elementor-element elementor-element-25d6675 elementor-section-boxed elementor-section-height-default elementor-section-height-default\" data-id=\"25d6675\" data-element_type=\"section\">\n\t\t\t\t\t\t<div class=\"elementor-container elementor-column-gap-default\">\n\t\t\t\t\t<div class=\"elementor-column elementor-col-100 elementor-top-column elementor-element elementor-element-0025533\" data-id=\"0025533\" data-element_type=\"column\">\n\t\t\t<div class=\"elementor-widget-wrap elementor-element-populated\">\n\t\t\t\t\t\t<div class=\"elementor-element elementor-element-34132c9 elementor-widget elementor-widget-text-editor\" data-id=\"34132c9\" data-element_type=\"widget\" data-widget_type=\"text-editor.default\">\n\t\t\t\t<div class=\"elementor-widget-container\">\n\t\t\t\t\t\t\t\t\t<p>Die Geschichte der Freiwilligen Feuerwehr Treffelsdorf begann am 06. J\u00e4nner 1927, als sich eine Gruppe von 37 Mann, rund um den Vorsitzenden Peter Tomaschitz, im damaligen Gasthaus Pfefferbauer, zusammengefunden hat, um die Gr\u00fcndung einer Freiwilligen Feuerwehr in Treffelsdorf und somit die Abspaltung von der FF Oberm\u00fchlbach, zu beschlie\u00dfen. Bei der Wahl des Hauptmannes (Kommandanten) entschieden sich die Mitglieder einstimmig f\u00fcr Herrn Nikolaus Strau\u00df vlg. Zanker.<\/p>\n<p><strong>Gew\u00e4hlt wurden folgende Positionen:<\/strong><\/p>\n<ul>\n<li>\n<p>&nbsp;Hauptmann: Nikolaus Strau\u00df<\/p>\n<\/li>\n<li>\n<p>Hauptmann Stv.: Ferdinand Puntschart<\/p>\n<\/li>\n<li>\n<p>Steigerleithauptmann: Alex Wister<\/p>\n<\/li>\n<li>\n<p>Steigerleithauptmann Stv.: Veit Winkler<\/p>\n<\/li>\n<li>\n<p>Spritzenleitmann: Karl Kampl<\/p>\n<\/li>\n<li>\n<p>Spritzenleitmann Stv.: Sebastian Weiss<\/p>\n<\/li>\n<li>\n<p>1. Zeugwart: Josef Tomaschitz<\/p>\n<\/li>\n<li>\n<p>2. Zeugwart: Ferdinand Wastian<\/p>\n<\/li>\n<li>\n<p>3. Zeugwart: Eduard Maier<\/p>\n<\/li>\n<li>\n<p>Zahlmeister: Karl Millatsch<\/p>\n<\/li>\n<li>\n<p>Schriftf\u00fchrer: Otto Horn<\/p>\n<\/li>\n<li>\n<p>Schutzhauptmannschaftsobmann: Peter Tomaschitz<\/p>\n<\/li>\n<li>\n<p>Hornist: Josef Ertl<\/p>\n<\/li>\n<\/ul>\n<p>Die Erstausr\u00fcstung bestand aus einer fahrbaren Spritze mit Pferdebespannung,&nbsp; eine Schlauchhaspel, drei Saugschl\u00e4uche, 290 Meter Hanfdruckschl\u00e4uche, zwei Steigerausr\u00fcstungen, zwei Wenderohre und 10 Handdruckspritzen. Der Einsatz f\u00fcr die Feuerwehr Treffelsdorf, war ein Brand des Wirtschaftsgeb\u00e4udes bei vlg. Kreuzrippel am 21.02.1927.Das erste R\u00fcsthaus wurde im Jahre 1933 auf einem Grund des damaligen Hauptmannes Nikolaus Strau\u00df gebaut und am 07.05.1933 eingeweiht. Um eine bessere Wasserversorgung bei Brandeins\u00e4tzen sicherstellen zu k\u00f6nnen wurde im Jahre 1948 die erste Motorspritze angekauft. 1950 entschlossen sich einige Kameraden beim Feuerwehrleistungsbewerb in der Stufe 1 anzutreten. Im Jahre 1953 l\u00f6ste dann der Traktor die Pferdebespannung des Mannschaftswagens ab. Bist 1971 wurden die Mitglieder mittels Glockenschlages alarmiert, doch um eine bessere Alarmierung sicherstellen zu k\u00f6nnen wurde in diesem Jahre, am Wohnhaus der Familie Ertl die erste Sirene installiert. Um eine Kommunikationsm\u00f6glichkeit bei Eins\u00e4tzen zu schaffen, wurde 1974 ein Handfunkger\u00e4t angeschafft. Weiters wurde in diesem Jahr die Beschaffung eines Feuerwehrautos mit Anh\u00e4nger beschlossen und durchgef\u00fchrt. Der Bau unseres heutigen R\u00fcsthauses geschah von 1980 bis 1982. Das erste Tankl\u00f6schfahrzeug der FF Treffelsdorf wurde im Jahre 1986 von der Gemeinde Frauenstein angeschafft. Im darauffolgendem Jahr wurden die ersten Atemschutzger\u00e4te angekauft. 1990 wurde des alte R\u00fcstfahrzeug gegen ein neueres Modell ausgetauscht. 1998 erhielt die FF Treffelsdorf ihr heutiges KLFA. 2015 wurden gleich zwei neue Feuerwehrfahrzeuge angekauft. Ein TLFA 2000\/200 und ein MZF-A aufgebaut von der Firma Lohr.&nbsp;<\/p>\n<p><strong>Bisherige Kommandanten der FF-Treffelsdorf:<\/strong><\/p>\n<ul>\n<li>\n<p>Nikolaus Strau\u00df 06.01.1927 &#8211; Kriegsbeginn<\/p>\n<\/li>\n<li>\n<p>Josef Tomaschitz 20.10.1946 &#8211; 23.03.1956<\/p>\n<\/li>\n<li>\n<p>Karl Kaiser 25.03.1956 &#8211; 25.11.1964<\/p>\n<\/li>\n<li>\n<p>Alex Wister 26.11.1964 &#8211; 13.05.1972<\/p>\n<\/li>\n<li>\n<p>Adolf Gratzer 14.05.1972 &#8211; 24.05.1997<\/p>\n<\/li>\n<li>\n<p>Otto Schmid 25.05.1997 &#8211; 08.05.2009<\/p>\n<\/li>\n<li>\n<p>Klaus Ertl 09.05.2009 &#8211; 23.04.2021<\/p>\n<\/li>\n<li>\n<p>Simon Remschnig 24.04.2021 &#8211; heute<\/p>\n<\/li>\n<\/ul>\t\t\t\t\t\t\t\t<\/div>\n\t\t\t\t<\/div>\n\t\t\t\t\t<\/div>\n\t\t<\/div>\n\t\t\t\t\t<\/div>\n\t\t<\/section>\n\t\t\t\t<\/div>\n\t\t","protected":false},"excerpt":{"rendered":"<p>Die Geschichte der FF Treffelsdorf Die Geschichte der Freiwilligen Feuerwehr Treffelsdorf begann am 06. J\u00e4nner 1927, als sich eine Gruppe von 37 Mann, rund um den Vorsitzenden Peter Tomaschitz, im damaligen Gasthaus Pfefferbauer, zusammengefunden hat, um die Gr\u00fcndung einer Freiwilligen Feuerwehr in Treffelsdorf und somit die Abspaltung von der FF Oberm\u00fchlbach, zu beschlie\u00dfen. Bei der<\/p><\/div>\n<div class=\"blog-btn\"><a href=\"https:\/\/www.ff-treffelsdorf.at\/?page_id=54\" class=\"home-blog-btn\">Weiterlesen<\/a><\/p>\n","protected":false},"author":1,"featured_media":0,"parent":0,"menu_order":0,"comment_status":"closed","ping_status":"closed","template":"","meta":{"footnotes":""},"class_list":["post-54","page","type-page","status-publish","hentry"],"_links":{"self":[{"href":"https:\/\/www.ff-treffelsdorf.at\/index.php?rest_route=\/wp\/v2\/pages\/54","targetHints":{"allow":["GET"]}}],"collection":[{"href":"https:\/\/www.ff-treffelsdorf.at\/index.php?rest_route=\/wp\/v2\/pages"}],"about":[{"href":"https:\/\/www.ff-treffelsdorf.at\/index.php?rest_route=\/wp\/v2\/types\/page"}],"author":[{"embeddable":true,"href":"https:\/\/www.ff-treffelsdorf.at\/index.php?rest_route=\/wp\/v2\/users\/1"}],"replies":[{"embeddable":true,"href":"https:\/\/www.ff-treffelsdorf.at\/index.php?rest_route=%2Fwp%2Fv2%2Fcomments&post=54"}],"version-history":[{"count":16,"href":"https:\/\/www.ff-treffelsdorf.at\/index.php?rest_route=\/wp\/v2\/pages\/54\/revisions"}],"predecessor-version":[{"id":1999,"href":"https:\/\/www.ff-treffelsdorf.at\/index.php?rest_route=\/wp\/v2\/pages\/54\/revisions\/1999"}],"wp:attachment":[{"href":"https:\/\/www.ff-treffelsdorf.at\/index.php?rest_route=%2Fwp%2Fv2%2Fmedia&parent=54"}],"curies":[{"name":"wp","href":"https:\/\/api.w.org\/{rel}","templated":true}]}}