{"id":89,"date":"2021-11-19T14:28:22","date_gmt":"2021-11-19T13:28:22","guid":{"rendered":"http:\/\/www.ff-treffelsdorf.at\/?page_id=89"},"modified":"2022-05-25T10:22:05","modified_gmt":"2022-05-25T08:22:05","slug":"brandschutz","status":"publish","type":"page","link":"https:\/\/www.ff-treffelsdorf.at\/?page_id=89","title":{"rendered":"Brandschutz"},"content":{"rendered":"\n<div class=\"wp-block-group\"><div class=\"wp-block-group__inner-container is-layout-flow wp-block-group-is-layout-flow\">\n<div class=\"wp-block-query is-layout-flow wp-block-query-is-layout-flow\">\n<div class=\"wp-block-columns is-layout-flex wp-container-core-columns-is-layout-9d6595d7 wp-block-columns-is-layout-flex\">\n<div class=\"wp-block-column is-layout-flow wp-block-column-is-layout-flow\" style=\"flex-basis:100%\">\n<div class=\"wp-block-group\"><div class=\"wp-block-group__inner-container is-layout-flow wp-block-group-is-layout-flow\"><ul class=\"wp-block-post-template is-layout-flow wp-block-post-template-is-layout-flow\"><li class=\"wp-block-post post-637 post type-post status-publish format-standard has-post-thumbnail hentry category-brandschutz\">\n<h2 class=\"wp-block-post-title\"><a href=\"https:\/\/www.ff-treffelsdorf.at\/?p=637\" target=\"_self\" >Rauchwarnmelder<\/a><\/h2>\n\n<figure style=\"width:250px;height:250px;\" class=\"alignwide wp-block-post-featured-image\"><a href=\"https:\/\/www.ff-treffelsdorf.at\/?p=637\" target=\"_self\"  style=\"height:250px\"><img decoding=\"async\" width=\"172\" height=\"167\" src=\"https:\/\/www.ff-treffelsdorf.at\/wp-content\/uploads\/2021\/12\/RWM-e1640272425232.png\" class=\"attachment-post-thumbnail size-post-thumbnail wp-post-image\" alt=\"Rauchwarnmelder\" style=\"height:250px;object-fit:contain;\" \/><\/a><\/figure>\n\n<div class=\"wp-block-post-excerpt\"><p class=\"wp-block-post-excerpt__excerpt\">In Aufenthaltsr\u00e4umen* von Wohnungen &#8211; ausgenommen der K\u00fcche &#8211; sowie in G\u00e4ngen, welche als Fluchtwege aus Aufenthaltsr\u00e4umen dienen, muss jeweils mindestens ein Rauchwarnmelder angebracht werden. Die Rauchwarnmelder m\u00fcssen so montiert werden, dass Brandrauch fr\u00fchzeitig erkannt und gemeldet werden kann. Rauchwarnmelder tragen erheblich zur Fr\u00fcherkennung von Br\u00e4nden bei, somit k\u00f6nnen Einsatzkr\u00e4fte schneller alarmiert und gr\u00f6\u00dfere Sch\u00e4denWeiterlesen <\/p><\/div>\n\n\n<hr class=\"wp-block-separator has-css-opacity\"\/>\n\n\n<div class=\"wp-block-post-date\"><time datetime=\"2021-12-22T16:15:09+01:00\">22. Dezember 2021<\/time><\/div>\n<\/li><li class=\"wp-block-post post-614 post type-post status-publish format-standard has-post-thumbnail hentry category-brandschutz\">\n<h2 class=\"wp-block-post-title\"><a href=\"https:\/\/www.ff-treffelsdorf.at\/?p=614\" target=\"_self\" >Erste L\u00f6schhilfe<\/a><\/h2>\n\n<figure style=\"width:250px;height:250px;\" class=\"alignwide wp-block-post-featured-image\"><a href=\"https:\/\/www.ff-treffelsdorf.at\/?p=614\" target=\"_self\"  style=\"height:250px\"><img decoding=\"async\" width=\"140\" height=\"219\" src=\"https:\/\/www.ff-treffelsdorf.at\/wp-content\/uploads\/2021\/12\/Feuerloescher-bearbeitet-e1640272656305.png\" class=\"attachment-post-thumbnail size-post-thumbnail wp-post-image\" alt=\"Erste L\u00f6schhilfe\" style=\"height:250px;object-fit:contain;\" \/><\/a><\/figure>\n\n<div class=\"wp-block-post-excerpt\"><p class=\"wp-block-post-excerpt__excerpt\">In jedem Haus kann ein Feuer ausbrechen, deswegen ist es sinnvoll, Mittel f\u00fcr die erste L\u00f6schhilfe in den eigenen vier W\u00e4nden zu haben. Schauml\u00f6scher eignen sich sehr gut f\u00fcr Innenr\u00e4ume und dienen zum L\u00f6schen von festen und fl\u00fcssigen Stoffen. Hingegen kann in Garagen und im Freien ein Pulverl\u00f6scher die bessere Variante sein. Im Falle einesWeiterlesen <\/p><\/div>\n\n\n<hr class=\"wp-block-separator has-css-opacity\"\/>\n\n\n<div class=\"wp-block-post-date\"><time datetime=\"2021-12-21T18:34:28+01:00\">21. Dezember 2021<\/time><\/div>\n<\/li><\/ul><\/div><\/div>\n<\/div>\n<\/div>\n<\/div>\n<\/div><\/div>\n","protected":false},"excerpt":{"rendered":"","protected":false},"author":2,"featured_media":0,"parent":0,"menu_order":0,"comment_status":"closed","ping_status":"closed","template":"","meta":{"footnotes":""},"class_list":["post-89","page","type-page","status-publish","hentry"],"_links":{"self":[{"href":"https:\/\/www.ff-treffelsdorf.at\/index.php?rest_route=\/wp\/v2\/pages\/89","targetHints":{"allow":["GET"]}}],"collection":[{"href":"https:\/\/www.ff-treffelsdorf.at\/index.php?rest_route=\/wp\/v2\/pages"}],"about":[{"href":"https:\/\/www.ff-treffelsdorf.at\/index.php?rest_route=\/wp\/v2\/types\/page"}],"author":[{"embeddable":true,"href":"https:\/\/www.ff-treffelsdorf.at\/index.php?rest_route=\/wp\/v2\/users\/2"}],"replies":[{"embeddable":true,"href":"https:\/\/www.ff-treffelsdorf.at\/index.php?rest_route=%2Fwp%2Fv2%2Fcomments&post=89"}],"version-history":[{"count":141,"href":"https:\/\/www.ff-treffelsdorf.at\/index.php?rest_route=\/wp\/v2\/pages\/89\/revisions"}],"predecessor-version":[{"id":1490,"href":"https:\/\/www.ff-treffelsdorf.at\/index.php?rest_route=\/wp\/v2\/pages\/89\/revisions\/1490"}],"wp:attachment":[{"href":"https:\/\/www.ff-treffelsdorf.at\/index.php?rest_route=%2Fwp%2Fv2%2Fmedia&parent=89"}],"curies":[{"name":"wp","href":"https:\/\/api.w.org\/{rel}","templated":true}]}}